{"id":99,"date":"2009-02-10T14:01:22","date_gmt":"2009-02-10T12:01:22","guid":{"rendered":"http:\/\/blog.balkaninvest.eu\/?page_id=99"},"modified":"2025-04-09T18:31:57","modified_gmt":"2025-04-09T15:31:57","slug":"onlinemarketing-bulgarien","status":"publish","type":"page","link":"https:\/\/blog.balkaninvest.eu\/de\/onlinemarketing-bulgarien\/","title":{"rendered":"Onlinemarketing Bulgarien"},"content":{"rendered":"<p>[et_pb_section fb_built=&#8220;1&#8243; admin_label=&#8220;section&#8220; _builder_version=&#8220;4.16&#8243; global_colors_info=&#8220;{}&#8220; theme_builder_area=&#8220;post_content&#8220;][et_pb_row admin_label=&#8220;row&#8220; _builder_version=&#8220;4.27.4&#8243; background_size=&#8220;initial&#8220; background_position=&#8220;top_left&#8220; background_repeat=&#8220;repeat&#8220; hover_enabled=&#8220;0&#8243; global_colors_info=&#8220;{}&#8220; theme_builder_area=&#8220;post_content&#8220; width=&#8220;90%&#8220; sticky_enabled=&#8220;0&#8243;][et_pb_column type=&#8220;4_4&#8243; _builder_version=&#8220;4.16&#8243; custom_padding=&#8220;|||&#8220; global_colors_info=&#8220;{}&#8220; custom_padding__hover=&#8220;|||&#8220; theme_builder_area=&#8220;post_content&#8220;][et_pb_text admin_label=&#8220;Text&#8220; _builder_version=&#8220;4.27.4&#8243; background_size=&#8220;initial&#8220; background_position=&#8220;top_left&#8220; background_repeat=&#8220;repeat&#8220; hover_enabled=&#8220;0&#8243; global_colors_info=&#8220;{}&#8220; theme_builder_area=&#8220;post_content&#8220; sticky_enabled=&#8220;0&#8243;]<\/p>\n<p><strong>Onlinemarketing &#8211; das Internet aktiv nutzen<br \/><\/strong><\/p>\n<p>Das Internet als Vertriebsplattform ist verbindendes Element all unserer Projekte. Hier liegt unsere Kernkompetenz.<\/p>\n<p>Wir unterst\u00fctzen unsere Kunden aus dem deutschsprachigen Raum bei der Optimierung ihrer Internetaktivit\u00e4ten und finden f\u00fcr sie neue Gesch\u00e4ftsm\u00f6glichkeiten.<\/p>\n<p><strong>Projektmanagement<\/strong><\/p>\n<p>F\u00fcr klar abgrenzbare IT-Outsourcing-Projekte mittlerer Komplexit\u00e4t \u00fcbernehmen wir auch das Projektmanagement und stellen f\u00fcr unsere Klienten ein Netzwerk f\u00e4higer Dienstleister zusammen.<strong><br \/><\/strong><\/p>\n<p>Nicht unser Kerngesch\u00e4ft, aber wenn sie Handelspartner in Zentralbulgarien suchen oder Vertriebsstrukturen aufbauen m\u00f6chten, k\u00f6nnen wir ihren vielleicht den ein oder anderen guten Tipp geben oder einen Kontakt herstellen.<\/p>\n<p><strong>Personal<\/strong><\/p>\n<p>Als lizensierter Personalvermittler haben wir uns auf die <a href=\"https:\/\/www.balkaninvest.eu\/fuer-unternehmen\/\">Vermittlung deutschsprachiger Fach- und F\u00fchrungskr\u00e4fte f\u00fcr KMU<\/a> spezialisiert.<\/p>\n<p>&nbsp;<\/p>\n<p>[\/et_pb_text][\/et_pb_column][\/et_pb_row][\/et_pb_section]<\/p>\n","protected":false},"excerpt":{"rendered":"<p>Onlinemarketing &#8211; das Internet aktiv nutzen Das Internet als Vertriebsplattform ist verbindendes Element all unserer Projekte. Hier liegt unsere Kernkompetenz. Wir unterst\u00fctzen unsere Kunden aus dem deutschsprachigen Raum bei der Optimierung ihrer Internetaktivit\u00e4ten und finden f\u00fcr sie neue Gesch\u00e4ftsm\u00f6glichkeiten. Projektmanagement F\u00fcr klar abgrenzbare IT-Outsourcing-Projekte mittlerer Komplexit\u00e4t \u00fcbernehmen wir auch das Projektmanagement und stellen f\u00fcr unsere [&hellip;]<\/p>\n","protected":false},"author":1,"featured_media":0,"parent":0,"menu_order":0,"comment_status":"closed","ping_status":"open","template":"","meta":{"_et_pb_use_builder":"on","_et_pb_old_content":"<strong><em>Onlinemarketing - das Internet aktiv nutzen\n<\/em><\/strong>\n\n<em>Das Internet als Vertriebsplattform ist verbindendes Element all unserer Projekte. Hier liegt unsere Kernkompetenz. <\/em>\n\n<em>Wir unterst\u00fctzen unsere Kunden aus dem deutschsprachigen Raum bei der Optimierung ihrer Internetaktivit\u00e4ten und finden f\u00fcr sie neue Gesch\u00e4ftsm\u00f6glichkeiten.<\/em>\n\n<em><strong>Projektmanagement<\/strong><\/em>\n\n<em>F\u00fcr klar abgrenzbare IT-Outsourcing-Projekte mittlerer Komplexit\u00e4t \u00fcbernehmen wir auch das Projektmanagement und stellen f\u00fcr unsere Klienten ein Netzwerk f\u00e4higer Dienstleister zusammen.<strong>\n<\/strong><\/em>\n\n<em>Nicht unser Kerngesch\u00e4ft, aber wenn sie Handelspartner in Zentralbulgarien suchen oder Vertriebsstrukturen aufbauen m\u00f6chten, k\u00f6nnen wir ihren vielleicht den ein oder anderen guten Tipp geben oder einen Kontakt herstellen.<\/em>\n\n<strong><em>Personal<\/em><\/strong>\n\n<em>Als lizensierter Personalvermittler<\/em><em> haben wir uns auf die <a href=\"https:\/\/www.balkaninvest.eu\/fuer-unternehmen\/\">Vermittlung deutschsprachiger Fach- und F\u00fchrungskr\u00e4fte f\u00fcr KMU<\/a> spezialisiert.\n<\/em>\n\n<em>\u00a0<\/em>","_et_gb_content_width":"","footnotes":""},"class_list":["post-99","page","type-page","status-publish","hentry"],"yoast_head":"<!-- This site is optimized with the Yoast SEO plugin v27.5 - https:\/\/yoast.com\/product\/yoast-seo-wordpress\/ -->\n<title>Onlinemarketing Bulgarien \u2192 Personalberatung durch Balkaninvest<\/title>\n<meta name=\"robots\" content=\"index, follow, max-snippet:-1, max-image-preview:large, max-video-preview:-1\" \/>\n<link rel=\"canonical\" href=\"https:\/\/blog.balkaninvest.eu\/de\/onlinemarketing-bulgarien\/\" \/>\n<meta property=\"og:locale\" content=\"de_DE\" \/>\n<meta property=\"og:type\" content=\"article\" \/>\n<meta property=\"og:title\" content=\"Onlinemarketing Bulgarien \u2192 Personalberatung durch Balkaninvest\" \/>\n<meta property=\"og:description\" content=\"Onlinemarketing - das Internet aktiv nutzen Das Internet als Vertriebsplattform ist verbindendes Element all unserer Projekte. Hier liegt unsere Kernkompetenz. Wir unterst\u00fctzen unsere Kunden aus dem deutschsprachigen Raum bei der Optimierung ihrer Internetaktivit\u00e4ten und finden f\u00fcr sie neue Gesch\u00e4ftsm\u00f6glichkeiten. Projektmanagement F\u00fcr klar abgrenzbare IT-Outsourcing-Projekte mittlerer Komplexit\u00e4t \u00fcbernehmen wir auch das Projektmanagement und stellen f\u00fcr unsere [&hellip;]\" \/>\n<meta property=\"og:url\" content=\"https:\/\/blog.balkaninvest.eu\/de\/onlinemarketing-bulgarien\/\" \/>\n<meta property=\"article:modified_time\" content=\"2025-04-09T15:31:57+00:00\" \/>\n<meta property=\"og:image\" content=\"https:\/\/blog.balkaninvest.eu\/wp-content\/uploads\/2015\/11\/Balkaninvest-Blog.jpg\" \/>\n\t<meta property=\"og:image:width\" content=\"1200\" \/>\n\t<meta property=\"og:image:height\" content=\"630\" \/>\n\t<meta property=\"og:image:type\" content=\"image\/jpeg\" \/>\n<meta name=\"twitter:label1\" content=\"Gesch\u00e4tzte Lesezeit\" \/>\n\t<meta name=\"twitter:data1\" content=\"1\u00a0Minute\" \/>\n<script type=\"application\/ld+json\" class=\"yoast-schema-graph\">{\"@context\":\"https:\\\/\\\/schema.org\",\"@graph\":[{\"@type\":\"WebPage\",\"@id\":\"https:\\\/\\\/blog.balkaninvest.eu\\\/de\\\/onlinemarketing-bulgarien\\\/\",\"url\":\"https:\\\/\\\/blog.balkaninvest.eu\\\/de\\\/onlinemarketing-bulgarien\\\/\",\"name\":\"Onlinemarketing Bulgarien \u2192 Personalberatung durch Balkaninvest\",\"isPartOf\":{\"@id\":\"https:\\\/\\\/blog.balkaninvest.eu\\\/#website\"},\"datePublished\":\"2009-02-10T12:01:22+00:00\",\"dateModified\":\"2025-04-09T15:31:57+00:00\",\"breadcrumb\":{\"@id\":\"https:\\\/\\\/blog.balkaninvest.eu\\\/de\\\/onlinemarketing-bulgarien\\\/#breadcrumb\"},\"inLanguage\":\"de\",\"potentialAction\":[{\"@type\":\"ReadAction\",\"target\":[\"https:\\\/\\\/blog.balkaninvest.eu\\\/de\\\/onlinemarketing-bulgarien\\\/\"]}]},{\"@type\":\"BreadcrumbList\",\"@id\":\"https:\\\/\\\/blog.balkaninvest.eu\\\/de\\\/onlinemarketing-bulgarien\\\/#breadcrumb\",\"itemListElement\":[{\"@type\":\"ListItem\",\"position\":1,\"name\":\"Home\",\"item\":\"https:\\\/\\\/blog.balkaninvest.eu\\\/de\\\/startseite\\\/\"},{\"@type\":\"ListItem\",\"position\":2,\"name\":\"Onlinemarketing Bulgarien\"}]},{\"@type\":\"WebSite\",\"@id\":\"https:\\\/\\\/blog.balkaninvest.eu\\\/#website\",\"url\":\"https:\\\/\\\/blog.balkaninvest.eu\\\/\",\"name\":\"\u041d\u0430\u0431\u0438\u0440\u0430\u043d\u0435 \u043d\u0430 \u043f\u0435\u0440\u0441\u043e\u043d\u0430\u043b \u0432 \u0411\u044a\u043b\u0433\u0430\u0440\u0438\u044f - \u0411\u043b\u043e\u0433 \u0437\u0430 \u0442\u0435\u043d\u0434\u0435\u043d\u0446\u0438\u0438\u0442\u0435 \u0432 HR \u0438 \u043c\u0430\u0440\u043a\u0435\u0442\u0438\u043d\u0433\u0430 \u043d\u0430 \u043f\u0435\u0440\u0441\u043e\u043d\u0430\u043b\u0430\",\"description\":\"\",\"publisher\":{\"@id\":\"https:\\\/\\\/blog.balkaninvest.eu\\\/#organization\"},\"potentialAction\":[{\"@type\":\"SearchAction\",\"target\":{\"@type\":\"EntryPoint\",\"urlTemplate\":\"https:\\\/\\\/blog.balkaninvest.eu\\\/?s={search_term_string}\"},\"query-input\":{\"@type\":\"PropertyValueSpecification\",\"valueRequired\":true,\"valueName\":\"search_term_string\"}}],\"inLanguage\":\"de\"},{\"@type\":\"Organization\",\"@id\":\"https:\\\/\\\/blog.balkaninvest.eu\\\/#organization\",\"name\":\"Balkaninvest.eu EOOD\",\"url\":\"https:\\\/\\\/blog.balkaninvest.eu\\\/\",\"logo\":{\"@type\":\"ImageObject\",\"inLanguage\":\"de\",\"@id\":\"https:\\\/\\\/blog.balkaninvest.eu\\\/#\\\/schema\\\/logo\\\/image\\\/\",\"url\":\"https:\\\/\\\/blog.balkaninvest.eu\\\/wp-content\\\/uploads\\\/2025\\\/06\\\/Logo-Blog-Balkaninvest-B-200px.webp\",\"contentUrl\":\"https:\\\/\\\/blog.balkaninvest.eu\\\/wp-content\\\/uploads\\\/2025\\\/06\\\/Logo-Blog-Balkaninvest-B-200px.webp\",\"width\":200,\"height\":96,\"caption\":\"Balkaninvest.eu EOOD\"},\"image\":{\"@id\":\"https:\\\/\\\/blog.balkaninvest.eu\\\/#\\\/schema\\\/logo\\\/image\\\/\"}}]}<\/script>\n<!-- \/ Yoast SEO plugin. -->","yoast_head_json":{"title":"Onlinemarketing Bulgarien \u2192 Personalberatung durch Balkaninvest","robots":{"index":"index","follow":"follow","max-snippet":"max-snippet:-1","max-image-preview":"max-image-preview:large","max-video-preview":"max-video-preview:-1"},"canonical":"https:\/\/blog.balkaninvest.eu\/de\/onlinemarketing-bulgarien\/","og_locale":"de_DE","og_type":"article","og_title":"Onlinemarketing Bulgarien \u2192 Personalberatung durch Balkaninvest","og_description":"Onlinemarketing - das Internet aktiv nutzen Das Internet als Vertriebsplattform ist verbindendes Element all unserer Projekte. Hier liegt unsere Kernkompetenz. Wir unterst\u00fctzen unsere Kunden aus dem deutschsprachigen Raum bei der Optimierung ihrer Internetaktivit\u00e4ten und finden f\u00fcr sie neue Gesch\u00e4ftsm\u00f6glichkeiten. Projektmanagement F\u00fcr klar abgrenzbare IT-Outsourcing-Projekte mittlerer Komplexit\u00e4t \u00fcbernehmen wir auch das Projektmanagement und stellen f\u00fcr unsere [&hellip;]","og_url":"https:\/\/blog.balkaninvest.eu\/de\/onlinemarketing-bulgarien\/","article_modified_time":"2025-04-09T15:31:57+00:00","og_image":[{"width":1200,"height":630,"url":"https:\/\/blog.balkaninvest.eu\/wp-content\/uploads\/2015\/11\/Balkaninvest-Blog.jpg","type":"image\/jpeg"}],"twitter_misc":{"Gesch\u00e4tzte Lesezeit":"1\u00a0Minute"},"schema":{"@context":"https:\/\/schema.org","@graph":[{"@type":"WebPage","@id":"https:\/\/blog.balkaninvest.eu\/de\/onlinemarketing-bulgarien\/","url":"https:\/\/blog.balkaninvest.eu\/de\/onlinemarketing-bulgarien\/","name":"Onlinemarketing Bulgarien \u2192 Personalberatung durch Balkaninvest","isPartOf":{"@id":"https:\/\/blog.balkaninvest.eu\/#website"},"datePublished":"2009-02-10T12:01:22+00:00","dateModified":"2025-04-09T15:31:57+00:00","breadcrumb":{"@id":"https:\/\/blog.balkaninvest.eu\/de\/onlinemarketing-bulgarien\/#breadcrumb"},"inLanguage":"de","potentialAction":[{"@type":"ReadAction","target":["https:\/\/blog.balkaninvest.eu\/de\/onlinemarketing-bulgarien\/"]}]},{"@type":"BreadcrumbList","@id":"https:\/\/blog.balkaninvest.eu\/de\/onlinemarketing-bulgarien\/#breadcrumb","itemListElement":[{"@type":"ListItem","position":1,"name":"Home","item":"https:\/\/blog.balkaninvest.eu\/de\/startseite\/"},{"@type":"ListItem","position":2,"name":"Onlinemarketing Bulgarien"}]},{"@type":"WebSite","@id":"https:\/\/blog.balkaninvest.eu\/#website","url":"https:\/\/blog.balkaninvest.eu\/","name":"\u041d\u0430\u0431\u0438\u0440\u0430\u043d\u0435 \u043d\u0430 \u043f\u0435\u0440\u0441\u043e\u043d\u0430\u043b \u0432 \u0411\u044a\u043b\u0433\u0430\u0440\u0438\u044f - \u0411\u043b\u043e\u0433 \u0437\u0430 \u0442\u0435\u043d\u0434\u0435\u043d\u0446\u0438\u0438\u0442\u0435 \u0432 HR \u0438 \u043c\u0430\u0440\u043a\u0435\u0442\u0438\u043d\u0433\u0430 \u043d\u0430 \u043f\u0435\u0440\u0441\u043e\u043d\u0430\u043b\u0430","description":"","publisher":{"@id":"https:\/\/blog.balkaninvest.eu\/#organization"},"potentialAction":[{"@type":"SearchAction","target":{"@type":"EntryPoint","urlTemplate":"https:\/\/blog.balkaninvest.eu\/?s={search_term_string}"},"query-input":{"@type":"PropertyValueSpecification","valueRequired":true,"valueName":"search_term_string"}}],"inLanguage":"de"},{"@type":"Organization","@id":"https:\/\/blog.balkaninvest.eu\/#organization","name":"Balkaninvest.eu EOOD","url":"https:\/\/blog.balkaninvest.eu\/","logo":{"@type":"ImageObject","inLanguage":"de","@id":"https:\/\/blog.balkaninvest.eu\/#\/schema\/logo\/image\/","url":"https:\/\/blog.balkaninvest.eu\/wp-content\/uploads\/2025\/06\/Logo-Blog-Balkaninvest-B-200px.webp","contentUrl":"https:\/\/blog.balkaninvest.eu\/wp-content\/uploads\/2025\/06\/Logo-Blog-Balkaninvest-B-200px.webp","width":200,"height":96,"caption":"Balkaninvest.eu EOOD"},"image":{"@id":"https:\/\/blog.balkaninvest.eu\/#\/schema\/logo\/image\/"}}]}},"_links":{"self":[{"href":"https:\/\/blog.balkaninvest.eu\/de\/wp-json\/wp\/v2\/pages\/99","targetHints":{"allow":["GET"]}}],"collection":[{"href":"https:\/\/blog.balkaninvest.eu\/de\/wp-json\/wp\/v2\/pages"}],"about":[{"href":"https:\/\/blog.balkaninvest.eu\/de\/wp-json\/wp\/v2\/types\/page"}],"author":[{"embeddable":true,"href":"https:\/\/blog.balkaninvest.eu\/de\/wp-json\/wp\/v2\/users\/1"}],"replies":[{"embeddable":true,"href":"https:\/\/blog.balkaninvest.eu\/de\/wp-json\/wp\/v2\/comments?post=99"}],"version-history":[{"count":13,"href":"https:\/\/blog.balkaninvest.eu\/de\/wp-json\/wp\/v2\/pages\/99\/revisions"}],"predecessor-version":[{"id":2477,"href":"https:\/\/blog.balkaninvest.eu\/de\/wp-json\/wp\/v2\/pages\/99\/revisions\/2477"}],"wp:attachment":[{"href":"https:\/\/blog.balkaninvest.eu\/de\/wp-json\/wp\/v2\/media?parent=99"}],"curies":[{"name":"wp","href":"https:\/\/api.w.org\/{rel}","templated":true}]}}