{"id":356,"date":"2010-11-12T10:31:09","date_gmt":"2010-11-12T08:31:09","guid":{"rendered":"http:\/\/blog.balkaninvest.eu\/"},"modified":"2025-04-10T15:14:18","modified_gmt":"2025-04-10T12:14:18","slug":"anfrage","status":"publish","type":"page","link":"https:\/\/blog.balkaninvest.eu\/de\/anfrage\/","title":{"rendered":"Anfrage"},"content":{"rendered":"<p>[et_pb_section fb_built=&#8220;1&#8243; _builder_version=&#8220;4.24.2&#8243; _module_preset=&#8220;default&#8220; background_enable_color=&#8220;off&#8220; custom_margin=&#8220;-2px||-2px||false|false&#8220; global_colors_info=&#8220;{}&#8220; theme_builder_area=&#8220;post_content&#8220;][et_pb_row custom_padding_last_edited=&#8220;on|phone&#8220; _builder_version=&#8220;4.27.4&#8243; background_color=&#8220;#ffffff&#8220; width=&#8220;90%&#8220; custom_margin=&#8220;|||&#8220; custom_padding=&#8220;60px||60px||false|false&#8220; custom_padding_tablet=&#8220;&#8220; custom_padding_phone=&#8220;|40px||40px&#8220; animation_style=&#8220;slide&#8220; animation_direction=&#8220;bottom&#8220; animation_duration=&#8220;1500ms&#8220; animation_delay=&#8220;200ms&#8220; animation_intensity_slide=&#8220;10%&#8220; animation_starting_opacity=&#8220;100%&#8220; global_colors_info=&#8220;{}&#8220; theme_builder_area=&#8220;post_content&#8220;][et_pb_column type=&#8220;4_4&#8243; _builder_version=&#8220;4.24.2&#8243; custom_padding=&#8220;|||&#8220; global_colors_info=&#8220;{}&#8220; custom_padding__hover=&#8220;|||&#8220; theme_builder_area=&#8220;post_content&#8220;][et_pb_text _builder_version=&#8220;4.24.2&#8243; text_font=&#8220;||||||||&#8220; header_font=&#8220;||||||||&#8220; header_2_font=&#8220;Playfair Display|700|||||||&#8220; header_2_text_align=&#8220;center&#8220; header_2_font_size=&#8220;38px&#8220; header_2_letter_spacing=&#8220;1px&#8220; header_2_line_height=&#8220;1.4em&#8220; header_3_font=&#8220;Poppins|700||on|||||&#8220; header_3_text_align=&#8220;center&#8220; header_3_text_color=&#8220;#edbb5f&#8220; header_3_font_size=&#8220;14px&#8220; header_3_letter_spacing=&#8220;1px&#8220; header_3_line_height=&#8220;2em&#8220; max_width=&#8220;550px&#8220; module_alignment=&#8220;center&#8220; animation_direction=&#8220;bottom&#8220; header_2_font_size_tablet=&#8220;&#8220; header_2_font_size_phone=&#8220;23px&#8220; header_2_font_size_last_edited=&#8220;on|phone&#8220; locked=&#8220;off&#8220; global_colors_info=&#8220;{}&#8220; theme_builder_area=&#8220;post_content&#8220;]<\/p>\n<h3>Kontaktieren Sie uns<\/h3>\n<p>[\/et_pb_text][et_pb_text _builder_version=&#8220;4.27.4&#8243; background_size=&#8220;initial&#8220; background_position=&#8220;top_left&#8220; background_repeat=&#8220;repeat&#8220; hover_enabled=&#8220;0&#8243; global_colors_info=&#8220;{}&#8220; theme_builder_area=&#8220;post_content&#8220; sticky_enabled=&#8220;0&#8243;]<\/p>\n<p style=\"text-align: justify;\">Sie interessieren sich f\u00fcr unsere Dienstleistungen im Bereich <strong>Personalberatung<\/strong> und <strong>Personalmarketing<\/strong>? Oder ben\u00f6tigen Sie Unterst\u00fctzung f\u00fcr Ihr Online-Recruitment? Dann freuen wir uns \u00fcber Ihre Anfrage.<\/p>\n<p style=\"text-align: justify;\">Auch wenn Sie nur eine Frage zu Bulgarien haben oder Kontakte im Land suchen, k\u00f6nnen Sie uns gerne anschreiben.<\/p>\n<p style=\"text-align: justify;\">\n<div class=\"wpcf7 no-js\" id=\"wpcf7-f570-o1\" lang=\"en-US\" dir=\"ltr\" data-wpcf7-id=\"570\">\n<div class=\"screen-reader-response\"><p role=\"status\" aria-live=\"polite\" aria-atomic=\"true\"><\/p> <ul><\/ul><\/div>\n<form action=\"\/de\/wp-json\/wp\/v2\/pages\/356#wpcf7-f570-o1\" method=\"post\" class=\"wpcf7-form init\" aria-label=\"Contact form\" novalidate=\"novalidate\" data-status=\"init\">\n<fieldset class=\"hidden-fields-container\"><input type=\"hidden\" name=\"_wpcf7\" value=\"570\" \/><input type=\"hidden\" name=\"_wpcf7_version\" value=\"6.1.5\" \/><input type=\"hidden\" name=\"_wpcf7_locale\" value=\"en_US\" \/><input type=\"hidden\" name=\"_wpcf7_unit_tag\" value=\"wpcf7-f570-o1\" \/><input type=\"hidden\" name=\"_wpcf7_container_post\" value=\"0\" \/><input type=\"hidden\" name=\"_wpcf7_posted_data_hash\" value=\"\" \/><input type=\"hidden\" name=\"_wpcf7_recaptcha_response\" value=\"\" \/>\n<\/fieldset>\n<p>Ihre Name (Pflichtfeld)<br \/>\n<span class=\"wpcf7-form-control-wrap\" data-name=\"your-name\"><input size=\"40\" maxlength=\"400\" class=\"wpcf7-form-control wpcf7-text wpcf7-validates-as-required\" aria-required=\"true\" aria-invalid=\"false\" value=\"\" type=\"text\" name=\"your-name\" \/><\/span>\n<\/p>\n<p>Firma<br \/>\n<span class=\"wpcf7-form-control-wrap\" data-name=\"Firma\"><input size=\"40\" maxlength=\"400\" class=\"wpcf7-form-control wpcf7-text\" aria-invalid=\"false\" value=\"\" type=\"text\" name=\"Firma\" \/><\/span>\n<\/p>\n<p>Postleitzahl<br \/>\n<span class=\"wpcf7-form-control-wrap\" data-name=\"Postleitzahl\"><input size=\"40\" maxlength=\"400\" class=\"wpcf7-form-control wpcf7-text\" aria-invalid=\"false\" value=\"\" type=\"text\" name=\"Postleitzahl\" \/><\/span>\n<\/p>\n<p> Ort (Firmensitz)<br \/>\n<span class=\"wpcf7-form-control-wrap\" data-name=\"Ort\"><input size=\"40\" maxlength=\"400\" class=\"wpcf7-form-control wpcf7-text\" aria-invalid=\"false\" value=\"\" type=\"text\" name=\"Ort\" \/><\/span>\n<\/p>\n<p>Telefon (bevorzugt Festnetznummer)<br \/>\n<span class=\"wpcf7-form-control-wrap\" data-name=\"Telefon\"><input size=\"40\" maxlength=\"400\" class=\"wpcf7-form-control wpcf7-text\" aria-invalid=\"false\" value=\"\" type=\"text\" name=\"Telefon\" \/><\/span>\n<\/p>\n<p> Internetauftritt Ihrer Firma<br \/>\n<span class=\"wpcf7-form-control-wrap\" data-name=\"Homepage\"><input size=\"40\" maxlength=\"400\" class=\"wpcf7-form-control wpcf7-text\" aria-invalid=\"false\" value=\"\" type=\"text\" name=\"Homepage\" \/><\/span>\n<\/p>\n<p>Ihre Email (Pflichtfeld)<br \/>\n<span class=\"wpcf7-form-control-wrap\" data-name=\"your-email\"><input size=\"40\" maxlength=\"400\" class=\"wpcf7-form-control wpcf7-email wpcf7-validates-as-required wpcf7-text wpcf7-validates-as-email\" aria-required=\"true\" aria-invalid=\"false\" value=\"\" type=\"email\" name=\"your-email\" \/><\/span>\n<\/p>\n<p>Betreff<br \/>\n<span class=\"wpcf7-form-control-wrap\" data-name=\"your-subject\"><input size=\"40\" maxlength=\"400\" class=\"wpcf7-form-control wpcf7-text\" aria-invalid=\"false\" value=\"\" type=\"text\" name=\"your-subject\" \/><\/span>\n<\/p>\n<p>Ihre Nachricht<br \/>\n<span class=\"wpcf7-form-control-wrap\" data-name=\"your-message\"><textarea cols=\"40\" rows=\"10\" maxlength=\"2000\" class=\"wpcf7-form-control wpcf7-textarea\" aria-invalid=\"false\" name=\"your-message\"><\/textarea><\/span>\n<\/p>\n<p><input class=\"wpcf7-form-control wpcf7-submit has-spinner\" type=\"submit\" value=\"Senden\" \/>\n<\/p><p style=\"display: none !important;\" class=\"akismet-fields-container\" data-prefix=\"_wpcf7_ak_\"><label>&#916;<textarea name=\"_wpcf7_ak_hp_textarea\" cols=\"45\" rows=\"8\" maxlength=\"100\"><\/textarea><\/label><input type=\"hidden\" id=\"ak_js_1\" name=\"_wpcf7_ak_js\" value=\"98\"\/><script>document.getElementById( \"ak_js_1\" ).setAttribute( \"value\", ( new Date() ).getTime() );<\/script><\/p><div class=\"wpcf7-response-output\" aria-hidden=\"true\"><\/div>\n<\/form>\n<\/div>\n<\/p>\n<p style=\"text-align: justify;\">Je konkreter Sie Ihren Bedarf beschreiben, um so genauer k\u00f6nnen wir Ihnen antworten. Wir setzen uns schnellstm\u00f6glich mit Ihnen in Verbindung.<\/p>\n<h3 style=\"text-align: justify;\">Consulting und Personalvermittlung &#8211; was wir Ihnen anbieten k\u00f6nnen<\/h3>\n<p style=\"text-align: justify;\">Gerne k\u00f6nnen Sie sich auch auf unserer Firmenseite ein Bild \u00fcber das Leistungsportfolio der Personalberatung Balkaninvest machen. Dort finden Sie beispielsweise Informationen zu den neuen M\u00f6glichkeiten von <a title=\"Personalmarketing\" href=\"https:\/\/www.balkaninvest.eu\/fuer-unternehmen\/personalmarketing\/\">Personalmarketing<\/a> im Zeitalter des Social Net und der mobilen Internetnutzung &#8211; immer wichtiger werdende Teilbereiche des Personalwesens. Immer noch aktuell ist der Blogbeitrag, in dem wir erkl\u00e4rt haben, was man unter <a title=\"Personalmarketing und Employer Branding\" href=\"https:\/\/blog.balkaninvest.eu\/de\/employer-branding-was-ist-das\/\">Personalmarketing und Employer Branding<\/a> zu verstehen hat.<\/p>\n<p style=\"text-align: justify;\">Nat\u00fcrlich sind wir auch in der klassischen Personalvermittlung aktiv. Wir erhalten mehr und mehr Anfragen von deutschen Firmen, die ihren Bedarf an Fachkr\u00e4ften auf dem deutschen Arbeitsmarkt nicht mehr decken k\u00f6nnen und nach realistischen Alternativen im Ausland suchen &#8211; durch Personal aus Bulgarien oder durch <a href=\"https:\/\/www.balkaninvest.eu\/fuer-unternehmen\/recruitment-process-outsourcing\/\">Recruitment Process Outsourcing (RPO)<\/a>, also die Remote-Suche von Kandidaten durch uns als Dienstleister &#8211; \u00fcblicherweise suchen wir diese in Deutschland, aber eben auf digitalem Weg (\u00fcber Netzwerke wie LinkeIn, Xing, Facebook, Pinterest usw).<\/p>\n<p>[\/et_pb_text][\/et_pb_column][\/et_pb_row][\/et_pb_section]<\/p>\n","protected":false},"excerpt":{"rendered":"<p>Kontaktieren Sie unsSie interessieren sich f\u00fcr unsere Dienstleistungen im Bereich Personalberatung und Personalmarketing? Oder ben\u00f6tigen Sie Unterst\u00fctzung f\u00fcr Ihr Online-Recruitment? Dann freuen wir uns \u00fcber Ihre Anfrage. Auch wenn Sie nur eine Frage zu Bulgarien haben oder Kontakte im Land suchen, k\u00f6nnen Sie uns gerne anschreiben. \n<div class=\"wpcf7 no-js\" id=\"wpcf7-f570-o2\" lang=\"en-US\" dir=\"ltr\" data-wpcf7-id=\"570\">\n<div class=\"screen-reader-response\"><p role=\"status\" aria-live=\"polite\" aria-atomic=\"true\"><\/p> <ul><\/ul><\/div>\n<form action=\"\/de\/wp-json\/wp\/v2\/pages\/356#wpcf7-f570-o2\" method=\"post\" class=\"wpcf7-form init\" aria-label=\"Contact form\" novalidate=\"novalidate\" data-status=\"init\">\n<fieldset class=\"hidden-fields-container\"><input type=\"hidden\" name=\"_wpcf7\" value=\"570\" \/><input type=\"hidden\" name=\"_wpcf7_version\" value=\"6.1.5\" \/><input type=\"hidden\" name=\"_wpcf7_locale\" value=\"en_US\" \/><input type=\"hidden\" name=\"_wpcf7_unit_tag\" value=\"wpcf7-f570-o2\" \/><input type=\"hidden\" name=\"_wpcf7_container_post\" value=\"0\" \/><input type=\"hidden\" name=\"_wpcf7_posted_data_hash\" value=\"\" \/><input type=\"hidden\" name=\"_wpcf7_recaptcha_response\" value=\"\" \/>\n<\/fieldset>\n<p>Ihre Name (Pflichtfeld)<br \/>\n<span class=\"wpcf7-form-control-wrap\" data-name=\"your-name\"><input size=\"40\" maxlength=\"400\" class=\"wpcf7-form-control wpcf7-text wpcf7-validates-as-required\" aria-required=\"true\" aria-invalid=\"false\" value=\"\" type=\"text\" name=\"your-name\" \/><\/span>\n<\/p>\n<p>Firma<br \/>\n<span class=\"wpcf7-form-control-wrap\" data-name=\"Firma\"><input size=\"40\" maxlength=\"400\" class=\"wpcf7-form-control wpcf7-text\" aria-invalid=\"false\" value=\"\" type=\"text\" name=\"Firma\" \/><\/span>\n<\/p>\n<p>Postleitzahl<br \/>\n<span class=\"wpcf7-form-control-wrap\" data-name=\"Postleitzahl\"><input size=\"40\" maxlength=\"400\" class=\"wpcf7-form-control wpcf7-text\" aria-invalid=\"false\" value=\"\" type=\"text\" name=\"Postleitzahl\" \/><\/span>\n<\/p>\n<p> Ort (Firmensitz)<br \/>\n<span class=\"wpcf7-form-control-wrap\" data-name=\"Ort\"><input size=\"40\" maxlength=\"400\" class=\"wpcf7-form-control wpcf7-text\" aria-invalid=\"false\" value=\"\" type=\"text\" name=\"Ort\" \/><\/span>\n<\/p>\n<p>Telefon (bevorzugt Festnetznummer)<br \/>\n<span class=\"wpcf7-form-control-wrap\" data-name=\"Telefon\"><input size=\"40\" maxlength=\"400\" class=\"wpcf7-form-control wpcf7-text\" aria-invalid=\"false\" value=\"\" type=\"text\" name=\"Telefon\" \/><\/span>\n<\/p>\n<p> Internetauftritt Ihrer Firma<br \/>\n<span class=\"wpcf7-form-control-wrap\" data-name=\"Homepage\"><input size=\"40\" maxlength=\"400\" class=\"wpcf7-form-control wpcf7-text\" aria-invalid=\"false\" value=\"\" type=\"text\" name=\"Homepage\" \/><\/span>\n<\/p>\n<p>Ihre Email (Pflichtfeld)<br \/>\n<span class=\"wpcf7-form-control-wrap\" data-name=\"your-email\"><input size=\"40\" maxlength=\"400\" class=\"wpcf7-form-control wpcf7-email wpcf7-validates-as-required wpcf7-text wpcf7-validates-as-email\" aria-required=\"true\" aria-invalid=\"false\" value=\"\" type=\"email\" name=\"your-email\" \/><\/span>\n<\/p>\n<p>Betreff<br \/>\n<span class=\"wpcf7-form-control-wrap\" data-name=\"your-subject\"><input size=\"40\" maxlength=\"400\" class=\"wpcf7-form-control wpcf7-text\" aria-invalid=\"false\" value=\"\" type=\"text\" name=\"your-subject\" \/><\/span>\n<\/p>\n<p>Ihre Nachricht<br \/>\n<span class=\"wpcf7-form-control-wrap\" data-name=\"your-message\"><textarea cols=\"40\" rows=\"10\" maxlength=\"2000\" class=\"wpcf7-form-control wpcf7-textarea\" aria-invalid=\"false\" name=\"your-message\"><\/textarea><\/span>\n<\/p>\n<p><input class=\"wpcf7-form-control wpcf7-submit has-spinner\" type=\"submit\" value=\"Senden\" \/>\n<\/p><p style=\"display: none !important;\" class=\"akismet-fields-container\" data-prefix=\"_wpcf7_ak_\"><label>&#916;<textarea name=\"_wpcf7_ak_hp_textarea\" cols=\"45\" rows=\"8\" maxlength=\"100\"><\/textarea><\/label><input type=\"hidden\" id=\"ak_js_2\" name=\"_wpcf7_ak_js\" value=\"224\"\/><script>document.getElementById( \"ak_js_2\" ).setAttribute( \"value\", ( new Date() ).getTime() );<\/script><\/p><div class=\"wpcf7-response-output\" aria-hidden=\"true\"><\/div>\n<\/form>\n<\/div>\n Je konkreter Sie Ihren Bedarf [&hellip;]<\/p>\n","protected":false},"author":1,"featured_media":0,"parent":0,"menu_order":0,"comment_status":"closed","ping_status":"open","template":"","meta":{"_et_pb_use_builder":"on","_et_pb_old_content":"<p style=\"text-align: justify;\">Sie interessieren sich f\u00fcr unsere Dienstleistungen im Bereich <strong>Personalberatung<\/strong> und <strong>Personalmarketing<\/strong>? Oder ben\u00f6tigen Sie Unterst\u00fctzung f\u00fcr Ihr Online-Recruitment? Dann freuen wir uns \u00fcber Ihre Anfrage.<\/p>\n<p style=\"text-align: justify;\">Auch wenn Sie nur eine Frage zu Bulgarien haben oder Kontakte im Land suchen, k\u00f6nnen Sie uns gerne anschreiben.<\/p>\n<p style=\"text-align: justify;\">[contact-form 1 \"Kontaktformular 1\"]<\/p>\n<p style=\"text-align: justify;\">Je konkreter Sie Ihren Bedarf beschreiben, um so genauer k\u00f6nnen wir Ihnen antworten. Wir setzen uns schnellstm\u00f6glich mit Ihnen in Verbindung.<\/p>\n\n<h3 style=\"text-align: justify;\">Consulting und Personalvermittlung - was wir Ihnen anbieten k\u00f6nnen<\/h3>\n<p style=\"text-align: justify;\">Gerne k\u00f6nnen Sie sich auch auf unserer Firmenseite ein Bild \u00fcber das Leistungsportfolio der Personalberatung Balkaninvest machen. Dort finden Sie beispielsweise Informationen zu den neuen M\u00f6glichkeiten von <a title=\"Personalmarketing\" href=\"http:\/\/www.balkaninvest.eu\/fuer-unternehmen\/personalmarketing\/\">Personalmarketing<\/a> im Zeitalter des Social Net und der mobilen Internetnutzung - immer wichtiger werdende Teilbereiche des Personalwesens. Immer noch aktuell ist der Blogbeitrag, in dem wir erkl\u00e4rt haben, was man unter <a title=\"Personalmarketing und Employer Branding\" href=\"http:\/\/blog.balkaninvest.eu\/employer-branding-was-ist-das\/\">Personalmarketing und Employer Branding<\/a> zu verstehen hat.<\/p>\n<p style=\"text-align: justify;\">Nat\u00fcrlich sind wir auch in der klassischen Personalvermittlung aktiv. Wir erhalten mehr und mehr Anfragen von deutschen Firmen, die ihren Bedarf an Fachkr\u00e4ften auf dem deutschen Arbeitsmarkt nicht mehr decken k\u00f6nnen und nach realistischen Alternativen im Ausland suchen - durch Personal aus Bulgarien oder durch <a href=\"https:\/\/www.balkaninvest.eu\/fuer-unternehmen\/recruitment-process-outsourcing\/\">Recruitment Process Outsourcing (RPO)<\/a>, also die Remote-Suche von Kandidaten durch uns als Dienstleister - \u00fcblicherweise suchen wir diese in Deutschland, aber eben auf digitalem Weg (\u00fcber Netzwerke wie LinkeIn, Xing, Facebook, Pinterest usw).<\/p>","_et_gb_content_width":"","footnotes":""},"class_list":["post-356","page","type-page","status-publish","hentry"],"yoast_head":"<!-- This site is optimized with the Yoast SEO plugin v27.4 - https:\/\/yoast.com\/product\/yoast-seo-wordpress\/ -->\n<title>Anfrage \u2192 Personalberatung durch Balkaninvest<\/title>\n<meta name=\"robots\" content=\"index, follow, max-snippet:-1, max-image-preview:large, max-video-preview:-1\" \/>\n<link rel=\"canonical\" href=\"https:\/\/blog.balkaninvest.eu\/de\/anfrage\/\" \/>\n<meta property=\"og:locale\" content=\"de_DE\" \/>\n<meta property=\"og:type\" content=\"article\" \/>\n<meta property=\"og:title\" content=\"Anfrage \u2192 Personalberatung durch Balkaninvest\" \/>\n<meta property=\"og:description\" content=\"Kontaktieren Sie unsSie interessieren sich f\u00fcr unsere Dienstleistungen im Bereich Personalberatung und Personalmarketing? Oder ben\u00f6tigen Sie Unterst\u00fctzung f\u00fcr Ihr Online-Recruitment? Dann freuen wir uns \u00fcber Ihre Anfrage. Auch wenn Sie nur eine Frage zu Bulgarien haben oder Kontakte im Land suchen, k\u00f6nnen Sie uns gerne anschreiben. Je konkreter Sie Ihren Bedarf [&hellip;]\" \/>\n<meta property=\"og:url\" content=\"https:\/\/blog.balkaninvest.eu\/de\/anfrage\/\" \/>\n<meta property=\"article:modified_time\" content=\"2025-04-10T12:14:18+00:00\" \/>\n<meta property=\"og:image\" content=\"https:\/\/blog.balkaninvest.eu\/wp-content\/uploads\/2015\/11\/Balkaninvest-Blog.jpg\" \/>\n\t<meta property=\"og:image:width\" content=\"1200\" \/>\n\t<meta property=\"og:image:height\" content=\"630\" \/>\n\t<meta property=\"og:image:type\" content=\"image\/jpeg\" \/>\n<meta name=\"twitter:label1\" content=\"Gesch\u00e4tzte Lesezeit\" \/>\n\t<meta name=\"twitter:data1\" content=\"1\u00a0Minute\" \/>\n<script type=\"application\/ld+json\" class=\"yoast-schema-graph\">{\"@context\":\"https:\\\/\\\/schema.org\",\"@graph\":[{\"@type\":\"WebPage\",\"@id\":\"https:\\\/\\\/blog.balkaninvest.eu\\\/de\\\/anfrage\\\/\",\"url\":\"https:\\\/\\\/blog.balkaninvest.eu\\\/de\\\/anfrage\\\/\",\"name\":\"Anfrage \u2192 Personalberatung durch Balkaninvest\",\"isPartOf\":{\"@id\":\"https:\\\/\\\/blog.balkaninvest.eu\\\/#website\"},\"datePublished\":\"2010-11-12T08:31:09+00:00\",\"dateModified\":\"2025-04-10T12:14:18+00:00\",\"breadcrumb\":{\"@id\":\"https:\\\/\\\/blog.balkaninvest.eu\\\/de\\\/anfrage\\\/#breadcrumb\"},\"inLanguage\":\"de\",\"potentialAction\":[{\"@type\":\"ReadAction\",\"target\":[\"https:\\\/\\\/blog.balkaninvest.eu\\\/de\\\/anfrage\\\/\"]}]},{\"@type\":\"BreadcrumbList\",\"@id\":\"https:\\\/\\\/blog.balkaninvest.eu\\\/de\\\/anfrage\\\/#breadcrumb\",\"itemListElement\":[{\"@type\":\"ListItem\",\"position\":1,\"name\":\"Home\",\"item\":\"https:\\\/\\\/blog.balkaninvest.eu\\\/de\\\/startseite\\\/\"},{\"@type\":\"ListItem\",\"position\":2,\"name\":\"Anfrage\"}]},{\"@type\":\"WebSite\",\"@id\":\"https:\\\/\\\/blog.balkaninvest.eu\\\/#website\",\"url\":\"https:\\\/\\\/blog.balkaninvest.eu\\\/\",\"name\":\"\u041d\u0430\u0431\u0438\u0440\u0430\u043d\u0435 \u043d\u0430 \u043f\u0435\u0440\u0441\u043e\u043d\u0430\u043b \u0432 \u0411\u044a\u043b\u0433\u0430\u0440\u0438\u044f - \u0411\u043b\u043e\u0433 \u0437\u0430 \u0442\u0435\u043d\u0434\u0435\u043d\u0446\u0438\u0438\u0442\u0435 \u0432 HR \u0438 \u043c\u0430\u0440\u043a\u0435\u0442\u0438\u043d\u0433\u0430 \u043d\u0430 \u043f\u0435\u0440\u0441\u043e\u043d\u0430\u043b\u0430\",\"description\":\"\",\"publisher\":{\"@id\":\"https:\\\/\\\/blog.balkaninvest.eu\\\/#organization\"},\"potentialAction\":[{\"@type\":\"SearchAction\",\"target\":{\"@type\":\"EntryPoint\",\"urlTemplate\":\"https:\\\/\\\/blog.balkaninvest.eu\\\/?s={search_term_string}\"},\"query-input\":{\"@type\":\"PropertyValueSpecification\",\"valueRequired\":true,\"valueName\":\"search_term_string\"}}],\"inLanguage\":\"de\"},{\"@type\":\"Organization\",\"@id\":\"https:\\\/\\\/blog.balkaninvest.eu\\\/#organization\",\"name\":\"Balkaninvest.eu EOOD\",\"url\":\"https:\\\/\\\/blog.balkaninvest.eu\\\/\",\"logo\":{\"@type\":\"ImageObject\",\"inLanguage\":\"de\",\"@id\":\"https:\\\/\\\/blog.balkaninvest.eu\\\/#\\\/schema\\\/logo\\\/image\\\/\",\"url\":\"https:\\\/\\\/blog.balkaninvest.eu\\\/wp-content\\\/uploads\\\/2025\\\/06\\\/Logo-Blog-Balkaninvest-B-200px.webp\",\"contentUrl\":\"https:\\\/\\\/blog.balkaninvest.eu\\\/wp-content\\\/uploads\\\/2025\\\/06\\\/Logo-Blog-Balkaninvest-B-200px.webp\",\"width\":200,\"height\":96,\"caption\":\"Balkaninvest.eu EOOD\"},\"image\":{\"@id\":\"https:\\\/\\\/blog.balkaninvest.eu\\\/#\\\/schema\\\/logo\\\/image\\\/\"}}]}<\/script>\n<!-- \/ Yoast SEO plugin. -->","yoast_head_json":{"title":"Anfrage \u2192 Personalberatung durch Balkaninvest","robots":{"index":"index","follow":"follow","max-snippet":"max-snippet:-1","max-image-preview":"max-image-preview:large","max-video-preview":"max-video-preview:-1"},"canonical":"https:\/\/blog.balkaninvest.eu\/de\/anfrage\/","og_locale":"de_DE","og_type":"article","og_title":"Anfrage \u2192 Personalberatung durch Balkaninvest","og_description":"Kontaktieren Sie unsSie interessieren sich f\u00fcr unsere Dienstleistungen im Bereich Personalberatung und Personalmarketing? Oder ben\u00f6tigen Sie Unterst\u00fctzung f\u00fcr Ihr Online-Recruitment? Dann freuen wir uns \u00fcber Ihre Anfrage. Auch wenn Sie nur eine Frage zu Bulgarien haben oder Kontakte im Land suchen, k\u00f6nnen Sie uns gerne anschreiben. Je konkreter Sie Ihren Bedarf [&hellip;]","og_url":"https:\/\/blog.balkaninvest.eu\/de\/anfrage\/","article_modified_time":"2025-04-10T12:14:18+00:00","og_image":[{"width":1200,"height":630,"url":"https:\/\/blog.balkaninvest.eu\/wp-content\/uploads\/2015\/11\/Balkaninvest-Blog.jpg","type":"image\/jpeg"}],"twitter_misc":{"Gesch\u00e4tzte Lesezeit":"1\u00a0Minute"},"schema":{"@context":"https:\/\/schema.org","@graph":[{"@type":"WebPage","@id":"https:\/\/blog.balkaninvest.eu\/de\/anfrage\/","url":"https:\/\/blog.balkaninvest.eu\/de\/anfrage\/","name":"Anfrage \u2192 Personalberatung durch Balkaninvest","isPartOf":{"@id":"https:\/\/blog.balkaninvest.eu\/#website"},"datePublished":"2010-11-12T08:31:09+00:00","dateModified":"2025-04-10T12:14:18+00:00","breadcrumb":{"@id":"https:\/\/blog.balkaninvest.eu\/de\/anfrage\/#breadcrumb"},"inLanguage":"de","potentialAction":[{"@type":"ReadAction","target":["https:\/\/blog.balkaninvest.eu\/de\/anfrage\/"]}]},{"@type":"BreadcrumbList","@id":"https:\/\/blog.balkaninvest.eu\/de\/anfrage\/#breadcrumb","itemListElement":[{"@type":"ListItem","position":1,"name":"Home","item":"https:\/\/blog.balkaninvest.eu\/de\/startseite\/"},{"@type":"ListItem","position":2,"name":"Anfrage"}]},{"@type":"WebSite","@id":"https:\/\/blog.balkaninvest.eu\/#website","url":"https:\/\/blog.balkaninvest.eu\/","name":"\u041d\u0430\u0431\u0438\u0440\u0430\u043d\u0435 \u043d\u0430 \u043f\u0435\u0440\u0441\u043e\u043d\u0430\u043b \u0432 \u0411\u044a\u043b\u0433\u0430\u0440\u0438\u044f - \u0411\u043b\u043e\u0433 \u0437\u0430 \u0442\u0435\u043d\u0434\u0435\u043d\u0446\u0438\u0438\u0442\u0435 \u0432 HR \u0438 \u043c\u0430\u0440\u043a\u0435\u0442\u0438\u043d\u0433\u0430 \u043d\u0430 \u043f\u0435\u0440\u0441\u043e\u043d\u0430\u043b\u0430","description":"","publisher":{"@id":"https:\/\/blog.balkaninvest.eu\/#organization"},"potentialAction":[{"@type":"SearchAction","target":{"@type":"EntryPoint","urlTemplate":"https:\/\/blog.balkaninvest.eu\/?s={search_term_string}"},"query-input":{"@type":"PropertyValueSpecification","valueRequired":true,"valueName":"search_term_string"}}],"inLanguage":"de"},{"@type":"Organization","@id":"https:\/\/blog.balkaninvest.eu\/#organization","name":"Balkaninvest.eu EOOD","url":"https:\/\/blog.balkaninvest.eu\/","logo":{"@type":"ImageObject","inLanguage":"de","@id":"https:\/\/blog.balkaninvest.eu\/#\/schema\/logo\/image\/","url":"https:\/\/blog.balkaninvest.eu\/wp-content\/uploads\/2025\/06\/Logo-Blog-Balkaninvest-B-200px.webp","contentUrl":"https:\/\/blog.balkaninvest.eu\/wp-content\/uploads\/2025\/06\/Logo-Blog-Balkaninvest-B-200px.webp","width":200,"height":96,"caption":"Balkaninvest.eu EOOD"},"image":{"@id":"https:\/\/blog.balkaninvest.eu\/#\/schema\/logo\/image\/"}}]}},"_links":{"self":[{"href":"https:\/\/blog.balkaninvest.eu\/de\/wp-json\/wp\/v2\/pages\/356","targetHints":{"allow":["GET"]}}],"collection":[{"href":"https:\/\/blog.balkaninvest.eu\/de\/wp-json\/wp\/v2\/pages"}],"about":[{"href":"https:\/\/blog.balkaninvest.eu\/de\/wp-json\/wp\/v2\/types\/page"}],"author":[{"embeddable":true,"href":"https:\/\/blog.balkaninvest.eu\/de\/wp-json\/wp\/v2\/users\/1"}],"replies":[{"embeddable":true,"href":"https:\/\/blog.balkaninvest.eu\/de\/wp-json\/wp\/v2\/comments?post=356"}],"version-history":[{"count":20,"href":"https:\/\/blog.balkaninvest.eu\/de\/wp-json\/wp\/v2\/pages\/356\/revisions"}],"predecessor-version":[{"id":2536,"href":"https:\/\/blog.balkaninvest.eu\/de\/wp-json\/wp\/v2\/pages\/356\/revisions\/2536"}],"wp:attachment":[{"href":"https:\/\/blog.balkaninvest.eu\/de\/wp-json\/wp\/v2\/media?parent=356"}],"curies":[{"name":"wp","href":"https:\/\/api.w.org\/{rel}","templated":true}]}}