{"id":336,"date":"2010-10-12T14:02:20","date_gmt":"2010-10-12T12:02:20","guid":{"rendered":"http:\/\/blog.balkaninvest.eu\/?page_id=336"},"modified":"2025-04-09T18:37:36","modified_gmt":"2025-04-09T15:37:36","slug":"dokumente","status":"publish","type":"page","link":"https:\/\/blog.balkaninvest.eu\/de\/dokumente\/","title":{"rendered":"Dokumente"},"content":{"rendered":"<p>[et_pb_section fb_built=&#8220;1&#8243; admin_label=&#8220;section&#8220; _builder_version=&#8220;4.16&#8243; global_colors_info=&#8220;{}&#8220; theme_builder_area=&#8220;post_content&#8220;][et_pb_row admin_label=&#8220;row&#8220; _builder_version=&#8220;4.27.4&#8243; background_size=&#8220;initial&#8220; background_position=&#8220;top_left&#8220; background_repeat=&#8220;repeat&#8220; hover_enabled=&#8220;0&#8243; global_colors_info=&#8220;{}&#8220; theme_builder_area=&#8220;post_content&#8220; width=&#8220;90%&#8220; sticky_enabled=&#8220;0&#8243;][et_pb_column type=&#8220;4_4&#8243; _builder_version=&#8220;4.16&#8243; custom_padding=&#8220;|||&#8220; global_colors_info=&#8220;{}&#8220; custom_padding__hover=&#8220;|||&#8220; theme_builder_area=&#8220;post_content&#8220;][et_pb_text admin_label=&#8220;Text&#8220; _builder_version=&#8220;4.16&#8243; background_size=&#8220;initial&#8220; background_position=&#8220;top_left&#8220; background_repeat=&#8220;repeat&#8220; global_colors_info=&#8220;{}&#8220; theme_builder_area=&#8220;post_content&#8220;]Hier m\u00f6chten wir in loser Reihenfolge auf Dokumente hinweisen, die f\u00fcr die deutsch-bulgarischen Beziehungen, insbesondere f\u00fcr den Bereich Arbeitsmarkt, von Bedeutung sind. Au\u00dferdem werden wir auf interessante Studien und Artikel eingehen, die sich mit der zeitgem\u00e4\u00dfen internationalen Personalberatung befassen.<\/p>\n<h3>11.10.2010 &#8211; Bundeskanzlerin Merkel in Sofia<\/h3>\n<p>Der Besuch der deutschen Bundeskanzlerin<strong> Angela Merkel in Sofia<\/strong> am <strong>11. Oktober 2010<\/strong> umfasste neben einen Treffen mit dem bulgarischen Ministerpr\u00e4sidenten <a title=\"Bojko Borissov\" href=\"http:\/\/blog.balkaninvest.eu\/tag\/bojko-borissov\/\">Bojko Borissov<\/a> auch eine Rede vor dem <strong>Deutsch-Bulgarischen Wirtschaftsforum<\/strong>. In dieser betonte Merkel die guten und auf eine lange Historie zur\u00fcckgehenden Beziehungen der beiden Staaten, die durch den Beitritt Bulgariens in die Nato und die Europ\u00e4ische Union weiter gefestigt wurden. Sie hob die Haushaltsdisziplin Bulgariens lobend hervor, wies aber auch auf Defizite im Bereich der Ausbildung hin &#8211; Merkel empfahl\u00a0 der bulgarischen Regierung Reformen in Richtung auf das in Deutschland sehr bew\u00e4hrte duale Bildungssystem, das Praxis und Theorie besser miteinander verkn\u00fcpfe als dies in Bulgarien derzeit der Fall sein.<\/p>\n<p>Hier finden Sie die komplette <a title=\"Rede Merkel Sofia\" href=\"http:\/\/blog.balkaninvest.eu\/dokumente\/rede-merkel-in-sofia-wirtschaftsforum-2010\/\">Rede der Bundeskanzlerin Angela Merkel vor dem Deutsch-Bulgarischen Wirtschaftsforum<\/a> (Quelle: Bundeskanzlerin.de)[\/et_pb_text][\/et_pb_column][\/et_pb_row][\/et_pb_section]<\/p>\n","protected":false},"excerpt":{"rendered":"<p>Hier m\u00f6chten wir in loser Reihenfolge auf Dokumente hinweisen, die f\u00fcr die deutsch-bulgarischen Beziehungen, insbesondere f\u00fcr den Bereich Arbeitsmarkt, von Bedeutung sind. Au\u00dferdem werden wir auf interessante Studien und Artikel eingehen, die sich mit der zeitgem\u00e4\u00dfen internationalen Personalberatung befassen. 11.10.2010 &#8211; Bundeskanzlerin Merkel in Sofia Der Besuch der deutschen Bundeskanzlerin Angela Merkel in Sofia am [&hellip;]<\/p>\n","protected":false},"author":1,"featured_media":0,"parent":0,"menu_order":0,"comment_status":"open","ping_status":"open","template":"","meta":{"_et_pb_use_builder":"on","_et_pb_old_content":"Hier m\u00f6chten wir in loser Reihenfolge auf Dokumente hinweisen, die f\u00fcr die deutsch-bulgarischen Beziehungen, insbesondere f\u00fcr den Bereich Arbeitsmarkt, von Bedeutung sind. Au\u00dferdem werden wir auf interessante Studien und Artikel eingehen, die sich mit der zeitgem\u00e4\u00dfen internationalen Personalberatung befassen.\r\n<h3>11.10.2010 - Bundeskanzlerin Merkel in Sofia<\/h3>\r\nDer Besuch der deutschen Bundeskanzlerin<strong> Angela Merkel in Sofia<\/strong> am <strong>11. Oktober 2010<\/strong> umfasste neben einen Treffen mit dem bulgarischen Ministerpr\u00e4sidenten <a title=\"Bojko Borissov\" href=\"http:\/\/blog.balkaninvest.eu\/tag\/bojko-borissov\/\">Bojko Borissov<\/a> auch eine Rede vor dem <strong>Deutsch-Bulgarischen Wirtschaftsforum<\/strong>. In dieser betonte Merkel die guten und auf eine lange Historie zur\u00fcckgehenden Beziehungen der beiden Staaten, die durch den Beitritt Bulgariens in die Nato und die Europ\u00e4ische Union weiter gefestigt wurden. Sie hob die Haushaltsdisziplin Bulgariens lobend hervor, wies aber auch auf Defizite im Bereich der Ausbildung hin - Merkel empfahl\u00a0 der bulgarischen Regierung Reformen in Richtung auf das in Deutschland sehr bew\u00e4hrte duale Bildungssystem, das Praxis und Theorie besser miteinander verkn\u00fcpfe als dies in Bulgarien derzeit der Fall sein.\r\n\r\nHier finden Sie die komplette <a title=\"Rede Merkel Sofia\" href=\"http:\/\/blog.balkaninvest.eu\/dokumente\/rede-merkel-in-sofia-wirtschaftsforum-2010\/\">Rede der Bundeskanzlerin Angela Merkel vor dem Deutsch-Bulgarischen Wirtschaftsforum<\/a> (Quelle: Bundeskanzlerin.de)","_et_gb_content_width":"","footnotes":""},"class_list":["post-336","page","type-page","status-publish","hentry"],"yoast_head":"<!-- This site is optimized with the Yoast SEO plugin v27.4 - https:\/\/yoast.com\/product\/yoast-seo-wordpress\/ -->\n<title>Dokumente \u2192 Personalberatung durch Balkaninvest<\/title>\n<meta name=\"robots\" content=\"index, follow, max-snippet:-1, max-image-preview:large, max-video-preview:-1\" \/>\n<link rel=\"canonical\" href=\"https:\/\/blog.balkaninvest.eu\/de\/dokumente\/\" \/>\n<meta property=\"og:locale\" content=\"de_DE\" \/>\n<meta property=\"og:type\" content=\"article\" \/>\n<meta property=\"og:title\" content=\"Dokumente \u2192 Personalberatung durch Balkaninvest\" \/>\n<meta property=\"og:description\" content=\"Hier m\u00f6chten wir in loser Reihenfolge auf Dokumente hinweisen, die f\u00fcr die deutsch-bulgarischen Beziehungen, insbesondere f\u00fcr den Bereich Arbeitsmarkt, von Bedeutung sind. Au\u00dferdem werden wir auf interessante Studien und Artikel eingehen, die sich mit der zeitgem\u00e4\u00dfen internationalen Personalberatung befassen. 11.10.2010 - Bundeskanzlerin Merkel in Sofia Der Besuch der deutschen Bundeskanzlerin Angela Merkel in Sofia am [&hellip;]\" \/>\n<meta property=\"og:url\" content=\"https:\/\/blog.balkaninvest.eu\/de\/dokumente\/\" \/>\n<meta property=\"article:modified_time\" content=\"2025-04-09T15:37:36+00:00\" \/>\n<meta property=\"og:image\" content=\"https:\/\/blog.balkaninvest.eu\/wp-content\/uploads\/2015\/11\/Balkaninvest-Blog.jpg\" \/>\n\t<meta property=\"og:image:width\" content=\"1200\" \/>\n\t<meta property=\"og:image:height\" content=\"630\" \/>\n\t<meta property=\"og:image:type\" content=\"image\/jpeg\" \/>\n<meta name=\"twitter:label1\" content=\"Gesch\u00e4tzte Lesezeit\" \/>\n\t<meta name=\"twitter:data1\" content=\"1\u00a0Minute\" \/>\n<script type=\"application\/ld+json\" class=\"yoast-schema-graph\">{\"@context\":\"https:\\\/\\\/schema.org\",\"@graph\":[{\"@type\":\"WebPage\",\"@id\":\"https:\\\/\\\/blog.balkaninvest.eu\\\/de\\\/dokumente\\\/\",\"url\":\"https:\\\/\\\/blog.balkaninvest.eu\\\/de\\\/dokumente\\\/\",\"name\":\"Dokumente \u2192 Personalberatung durch Balkaninvest\",\"isPartOf\":{\"@id\":\"https:\\\/\\\/blog.balkaninvest.eu\\\/#website\"},\"datePublished\":\"2010-10-12T12:02:20+00:00\",\"dateModified\":\"2025-04-09T15:37:36+00:00\",\"breadcrumb\":{\"@id\":\"https:\\\/\\\/blog.balkaninvest.eu\\\/de\\\/dokumente\\\/#breadcrumb\"},\"inLanguage\":\"de\",\"potentialAction\":[{\"@type\":\"ReadAction\",\"target\":[\"https:\\\/\\\/blog.balkaninvest.eu\\\/de\\\/dokumente\\\/\"]}]},{\"@type\":\"BreadcrumbList\",\"@id\":\"https:\\\/\\\/blog.balkaninvest.eu\\\/de\\\/dokumente\\\/#breadcrumb\",\"itemListElement\":[{\"@type\":\"ListItem\",\"position\":1,\"name\":\"Home\",\"item\":\"https:\\\/\\\/blog.balkaninvest.eu\\\/de\\\/startseite\\\/\"},{\"@type\":\"ListItem\",\"position\":2,\"name\":\"Dokumente\"}]},{\"@type\":\"WebSite\",\"@id\":\"https:\\\/\\\/blog.balkaninvest.eu\\\/#website\",\"url\":\"https:\\\/\\\/blog.balkaninvest.eu\\\/\",\"name\":\"\u041d\u0430\u0431\u0438\u0440\u0430\u043d\u0435 \u043d\u0430 \u043f\u0435\u0440\u0441\u043e\u043d\u0430\u043b \u0432 \u0411\u044a\u043b\u0433\u0430\u0440\u0438\u044f - \u0411\u043b\u043e\u0433 \u0437\u0430 \u0442\u0435\u043d\u0434\u0435\u043d\u0446\u0438\u0438\u0442\u0435 \u0432 HR \u0438 \u043c\u0430\u0440\u043a\u0435\u0442\u0438\u043d\u0433\u0430 \u043d\u0430 \u043f\u0435\u0440\u0441\u043e\u043d\u0430\u043b\u0430\",\"description\":\"\",\"publisher\":{\"@id\":\"https:\\\/\\\/blog.balkaninvest.eu\\\/#organization\"},\"potentialAction\":[{\"@type\":\"SearchAction\",\"target\":{\"@type\":\"EntryPoint\",\"urlTemplate\":\"https:\\\/\\\/blog.balkaninvest.eu\\\/?s={search_term_string}\"},\"query-input\":{\"@type\":\"PropertyValueSpecification\",\"valueRequired\":true,\"valueName\":\"search_term_string\"}}],\"inLanguage\":\"de\"},{\"@type\":\"Organization\",\"@id\":\"https:\\\/\\\/blog.balkaninvest.eu\\\/#organization\",\"name\":\"Balkaninvest.eu EOOD\",\"url\":\"https:\\\/\\\/blog.balkaninvest.eu\\\/\",\"logo\":{\"@type\":\"ImageObject\",\"inLanguage\":\"de\",\"@id\":\"https:\\\/\\\/blog.balkaninvest.eu\\\/#\\\/schema\\\/logo\\\/image\\\/\",\"url\":\"https:\\\/\\\/blog.balkaninvest.eu\\\/wp-content\\\/uploads\\\/2025\\\/06\\\/Logo-Blog-Balkaninvest-B-200px.webp\",\"contentUrl\":\"https:\\\/\\\/blog.balkaninvest.eu\\\/wp-content\\\/uploads\\\/2025\\\/06\\\/Logo-Blog-Balkaninvest-B-200px.webp\",\"width\":200,\"height\":96,\"caption\":\"Balkaninvest.eu EOOD\"},\"image\":{\"@id\":\"https:\\\/\\\/blog.balkaninvest.eu\\\/#\\\/schema\\\/logo\\\/image\\\/\"}}]}<\/script>\n<!-- \/ Yoast SEO plugin. -->","yoast_head_json":{"title":"Dokumente \u2192 Personalberatung durch Balkaninvest","robots":{"index":"index","follow":"follow","max-snippet":"max-snippet:-1","max-image-preview":"max-image-preview:large","max-video-preview":"max-video-preview:-1"},"canonical":"https:\/\/blog.balkaninvest.eu\/de\/dokumente\/","og_locale":"de_DE","og_type":"article","og_title":"Dokumente \u2192 Personalberatung durch Balkaninvest","og_description":"Hier m\u00f6chten wir in loser Reihenfolge auf Dokumente hinweisen, die f\u00fcr die deutsch-bulgarischen Beziehungen, insbesondere f\u00fcr den Bereich Arbeitsmarkt, von Bedeutung sind. Au\u00dferdem werden wir auf interessante Studien und Artikel eingehen, die sich mit der zeitgem\u00e4\u00dfen internationalen Personalberatung befassen. 11.10.2010 - Bundeskanzlerin Merkel in Sofia Der Besuch der deutschen Bundeskanzlerin Angela Merkel in Sofia am [&hellip;]","og_url":"https:\/\/blog.balkaninvest.eu\/de\/dokumente\/","article_modified_time":"2025-04-09T15:37:36+00:00","og_image":[{"width":1200,"height":630,"url":"https:\/\/blog.balkaninvest.eu\/wp-content\/uploads\/2015\/11\/Balkaninvest-Blog.jpg","type":"image\/jpeg"}],"twitter_misc":{"Gesch\u00e4tzte Lesezeit":"1\u00a0Minute"},"schema":{"@context":"https:\/\/schema.org","@graph":[{"@type":"WebPage","@id":"https:\/\/blog.balkaninvest.eu\/de\/dokumente\/","url":"https:\/\/blog.balkaninvest.eu\/de\/dokumente\/","name":"Dokumente \u2192 Personalberatung durch Balkaninvest","isPartOf":{"@id":"https:\/\/blog.balkaninvest.eu\/#website"},"datePublished":"2010-10-12T12:02:20+00:00","dateModified":"2025-04-09T15:37:36+00:00","breadcrumb":{"@id":"https:\/\/blog.balkaninvest.eu\/de\/dokumente\/#breadcrumb"},"inLanguage":"de","potentialAction":[{"@type":"ReadAction","target":["https:\/\/blog.balkaninvest.eu\/de\/dokumente\/"]}]},{"@type":"BreadcrumbList","@id":"https:\/\/blog.balkaninvest.eu\/de\/dokumente\/#breadcrumb","itemListElement":[{"@type":"ListItem","position":1,"name":"Home","item":"https:\/\/blog.balkaninvest.eu\/de\/startseite\/"},{"@type":"ListItem","position":2,"name":"Dokumente"}]},{"@type":"WebSite","@id":"https:\/\/blog.balkaninvest.eu\/#website","url":"https:\/\/blog.balkaninvest.eu\/","name":"\u041d\u0430\u0431\u0438\u0440\u0430\u043d\u0435 \u043d\u0430 \u043f\u0435\u0440\u0441\u043e\u043d\u0430\u043b \u0432 \u0411\u044a\u043b\u0433\u0430\u0440\u0438\u044f - \u0411\u043b\u043e\u0433 \u0437\u0430 \u0442\u0435\u043d\u0434\u0435\u043d\u0446\u0438\u0438\u0442\u0435 \u0432 HR \u0438 \u043c\u0430\u0440\u043a\u0435\u0442\u0438\u043d\u0433\u0430 \u043d\u0430 \u043f\u0435\u0440\u0441\u043e\u043d\u0430\u043b\u0430","description":"","publisher":{"@id":"https:\/\/blog.balkaninvest.eu\/#organization"},"potentialAction":[{"@type":"SearchAction","target":{"@type":"EntryPoint","urlTemplate":"https:\/\/blog.balkaninvest.eu\/?s={search_term_string}"},"query-input":{"@type":"PropertyValueSpecification","valueRequired":true,"valueName":"search_term_string"}}],"inLanguage":"de"},{"@type":"Organization","@id":"https:\/\/blog.balkaninvest.eu\/#organization","name":"Balkaninvest.eu EOOD","url":"https:\/\/blog.balkaninvest.eu\/","logo":{"@type":"ImageObject","inLanguage":"de","@id":"https:\/\/blog.balkaninvest.eu\/#\/schema\/logo\/image\/","url":"https:\/\/blog.balkaninvest.eu\/wp-content\/uploads\/2025\/06\/Logo-Blog-Balkaninvest-B-200px.webp","contentUrl":"https:\/\/blog.balkaninvest.eu\/wp-content\/uploads\/2025\/06\/Logo-Blog-Balkaninvest-B-200px.webp","width":200,"height":96,"caption":"Balkaninvest.eu EOOD"},"image":{"@id":"https:\/\/blog.balkaninvest.eu\/#\/schema\/logo\/image\/"}}]}},"_links":{"self":[{"href":"https:\/\/blog.balkaninvest.eu\/de\/wp-json\/wp\/v2\/pages\/336","targetHints":{"allow":["GET"]}}],"collection":[{"href":"https:\/\/blog.balkaninvest.eu\/de\/wp-json\/wp\/v2\/pages"}],"about":[{"href":"https:\/\/blog.balkaninvest.eu\/de\/wp-json\/wp\/v2\/types\/page"}],"author":[{"embeddable":true,"href":"https:\/\/blog.balkaninvest.eu\/de\/wp-json\/wp\/v2\/users\/1"}],"replies":[{"embeddable":true,"href":"https:\/\/blog.balkaninvest.eu\/de\/wp-json\/wp\/v2\/comments?post=336"}],"version-history":[{"count":8,"href":"https:\/\/blog.balkaninvest.eu\/de\/wp-json\/wp\/v2\/pages\/336\/revisions"}],"predecessor-version":[{"id":2482,"href":"https:\/\/blog.balkaninvest.eu\/de\/wp-json\/wp\/v2\/pages\/336\/revisions\/2482"}],"wp:attachment":[{"href":"https:\/\/blog.balkaninvest.eu\/de\/wp-json\/wp\/v2\/media?parent=336"}],"curies":[{"name":"wp","href":"https:\/\/api.w.org\/{rel}","templated":true}]}}