{"id":285,"date":"2010-02-18T16:53:14","date_gmt":"2010-02-18T14:53:14","guid":{"rendered":"http:\/\/blog.balkaninvest.eu\/?page_id=285"},"modified":"2016-11-23T12:16:07","modified_gmt":"2016-11-23T09:16:07","slug":"wechselkurs-lewa-euro","status":"publish","type":"page","link":"https:\/\/blog.balkaninvest.eu\/de\/wechselkurs-lewa-euro\/","title":{"rendered":"Wechselkurs Lewa-Euro"},"content":{"rendered":"<p style=\"text-align: justify;\">Sie m\u00f6chten wissen, wie viel Euro ein in Lewa ausgepreister Artikel kostet? Egal ob im Urlaub oder auf Dienstreise: Wer den Wechselkurs kennt, ist klar im Vorteil. Und das beste daran: Der Wechselkurs ist fixiert, \u00e4ndert sich also nicht.<\/p>\n<p style=\"text-align: justify;\">Der bulgarische Lew (Plural Lewa, auch Leva, abgek\u00fcrzt als BGN)\u00a0 ist \u00fcber das sogenannte &#8222;Currency Board&#8220; feste an den Euro (\u20ac) gekoppelt. Das Wechselkurs-Verh\u00e4ltnis entspricht exakt dem ehemaligen Kurs der D-Markt.<\/p>\n<p style=\"text-align: justify;\">Da sich nur noch wenige an diesen Wechselkurs erinnern, hier die Aufl\u00f6sung und ein paar Betr\u00e4ge zur schnellen \u00dcbersicht.<\/p>\n<h2 style=\"text-align: justify;\">Wechselkurs von bulgarischen Lewa zu Euro<\/h2>\n<p style=\"text-align: justify;\"><strong>1 Euro\u00a0 =\u00a0 1,95583 BGN<\/strong><\/p>\n<p style=\"text-align: justify;\">oder anders herum<\/p>\n<p style=\"text-align: justify;\"><strong>1 BGN = 0,511292 EUR<\/strong><\/p>\n<p style=\"text-align: justify;\">Das ist der <strong>offizielle Wechselkurs<\/strong> von <strong>Lewa<\/strong> in <strong>Euro<\/strong> und umgekehrt. Da Banken und Wechselstuben auch von etwas leben m\u00f6chten, werden sie diesen bei Ihrem Geldtausch Kurs nur ann\u00e4hernd erreichen.<\/p>\n<h2 style=\"text-align: justify;\">Welcher Wechselkurs Euro &#8211; Lewa ist akzeptabel?<\/h2>\n<p style=\"text-align: justify;\">In Sofia erh\u00e4lt man derzeit an den besten Wechselstuben f\u00fcr einen Euro 1,9500. In anderen St\u00e4dten sind die Kurse meist etwas schlechter, dort sind dann Wechselkurse von 1,93 oder 1,94 akzeptabel. Schlechtere Kurse sollte man aber nicht akzeptieren bzw. dann nur einen kleinen, dringend ben\u00f6tigten Geldbetrag umtauschen.<\/p>\n<p style=\"text-align: justify;\">F\u00fcr Ausl\u00e4nder bzw. Ortsfremde ist in der Regel der Tausch in einer Bank vorzuziehen. Aufch wenn die Anzahl der betr\u00fcgerischen Wechselstuben stark zur\u00fcckgegangen ist: In einer Bank ist man immer auf der sicheren Seite.<\/p>\n<p style=\"text-align: justify;\">Beispiele von typischen Wechselgeldmengen:<\/p>\n<p style=\"text-align: justify;\">Entsprechend des offiziellen Wechselkurses erhalten Sie beim <strong>Tausch von Euro in Lewa<\/strong> im Idealfall f\u00fcr<\/p>\n<p style=\"text-align: justify;\">10 Euro = 19,5583 Lewa<\/p>\n<p style=\"text-align: justify;\">20 Euro = 39,1166 Lewa<\/p>\n<p style=\"text-align: justify;\">50 Euro = 97,7915 Lewa<\/p>\n<p style=\"text-align: justify;\">100 Euro = 195,583 Lewa<\/p>\n<p style=\"text-align: justify;\">500 Euro = 977,915 Lewa<\/p>\n<p style=\"text-align: justify;\">Umgekehrt, <strong>von Lewa in Euro<\/strong>, sieht es dann so aus:<\/p>\n<p style=\"text-align: justify;\">10 Lewa = 5,11 Euro<\/p>\n<p style=\"text-align: justify;\">20 Lewa = 10,23 Euro<\/p>\n<p style=\"text-align: justify;\">50 Lewa =\u00a0 25,56 Euro<\/p>\n<p style=\"text-align: justify;\">100 Lewa =\u00a0 51,13 Euro<\/p>\n","protected":false},"excerpt":{"rendered":"<p>Sie m\u00f6chten wissen, wie viel Euro ein in Lewa ausgepreister Artikel kostet? Egal ob im Urlaub oder auf Dienstreise: Wer den Wechselkurs kennt, ist klar im Vorteil. Und das beste daran: Der Wechselkurs ist fixiert, \u00e4ndert sich also nicht. Der bulgarische Lew (Plural Lewa, auch Leva, abgek\u00fcrzt als BGN)\u00a0 ist \u00fcber das sogenannte &#8222;Currency Board&#8220; [&hellip;]<\/p>\n","protected":false},"author":1,"featured_media":0,"parent":0,"menu_order":0,"comment_status":"open","ping_status":"open","template":"","meta":{"_et_pb_use_builder":"","_et_pb_old_content":"","_et_gb_content_width":"","footnotes":""},"class_list":["post-285","page","type-page","status-publish","hentry"],"yoast_head":"<!-- This site is optimized with the Yoast SEO plugin v27.4 - https:\/\/yoast.com\/product\/yoast-seo-wordpress\/ -->\n<title>Wechselkurs Lewa-Euro \u2192 Personalberatung durch Balkaninvest<\/title>\n<meta name=\"robots\" content=\"index, follow, max-snippet:-1, max-image-preview:large, max-video-preview:-1\" \/>\n<link rel=\"canonical\" href=\"https:\/\/blog.balkaninvest.eu\/de\/wechselkurs-lewa-euro\/\" \/>\n<meta property=\"og:locale\" content=\"de_DE\" \/>\n<meta property=\"og:type\" content=\"article\" \/>\n<meta property=\"og:title\" content=\"Wechselkurs Lewa-Euro \u2192 Personalberatung durch Balkaninvest\" \/>\n<meta property=\"og:description\" content=\"Sie m\u00f6chten wissen, wie viel Euro ein in Lewa ausgepreister Artikel kostet? Egal ob im Urlaub oder auf Dienstreise: Wer den Wechselkurs kennt, ist klar im Vorteil. Und das beste daran: Der Wechselkurs ist fixiert, \u00e4ndert sich also nicht. Der bulgarische Lew (Plural Lewa, auch Leva, abgek\u00fcrzt als BGN)\u00a0 ist \u00fcber das sogenannte &#8222;Currency Board&#8220; [&hellip;]\" \/>\n<meta property=\"og:url\" content=\"https:\/\/blog.balkaninvest.eu\/de\/wechselkurs-lewa-euro\/\" \/>\n<meta property=\"article:modified_time\" content=\"2016-11-23T09:16:07+00:00\" \/>\n<meta property=\"og:image\" content=\"https:\/\/blog.balkaninvest.eu\/wp-content\/uploads\/2015\/11\/Balkaninvest-Blog.jpg\" \/>\n\t<meta property=\"og:image:width\" content=\"1200\" \/>\n\t<meta property=\"og:image:height\" content=\"630\" \/>\n\t<meta property=\"og:image:type\" content=\"image\/jpeg\" \/>\n<meta name=\"twitter:label1\" content=\"Gesch\u00e4tzte Lesezeit\" \/>\n\t<meta name=\"twitter:data1\" content=\"1\u00a0Minute\" \/>\n<script type=\"application\/ld+json\" class=\"yoast-schema-graph\">{\"@context\":\"https:\\\/\\\/schema.org\",\"@graph\":[{\"@type\":\"WebPage\",\"@id\":\"https:\\\/\\\/blog.balkaninvest.eu\\\/de\\\/wechselkurs-lewa-euro\\\/\",\"url\":\"https:\\\/\\\/blog.balkaninvest.eu\\\/de\\\/wechselkurs-lewa-euro\\\/\",\"name\":\"Wechselkurs Lewa-Euro \u2192 Personalberatung durch Balkaninvest\",\"isPartOf\":{\"@id\":\"https:\\\/\\\/blog.balkaninvest.eu\\\/#website\"},\"datePublished\":\"2010-02-18T14:53:14+00:00\",\"dateModified\":\"2016-11-23T09:16:07+00:00\",\"breadcrumb\":{\"@id\":\"https:\\\/\\\/blog.balkaninvest.eu\\\/de\\\/wechselkurs-lewa-euro\\\/#breadcrumb\"},\"inLanguage\":\"de\",\"potentialAction\":[{\"@type\":\"ReadAction\",\"target\":[\"https:\\\/\\\/blog.balkaninvest.eu\\\/de\\\/wechselkurs-lewa-euro\\\/\"]}]},{\"@type\":\"BreadcrumbList\",\"@id\":\"https:\\\/\\\/blog.balkaninvest.eu\\\/de\\\/wechselkurs-lewa-euro\\\/#breadcrumb\",\"itemListElement\":[{\"@type\":\"ListItem\",\"position\":1,\"name\":\"Home\",\"item\":\"https:\\\/\\\/blog.balkaninvest.eu\\\/de\\\/startseite\\\/\"},{\"@type\":\"ListItem\",\"position\":2,\"name\":\"Wechselkurs Lewa-Euro\"}]},{\"@type\":\"WebSite\",\"@id\":\"https:\\\/\\\/blog.balkaninvest.eu\\\/#website\",\"url\":\"https:\\\/\\\/blog.balkaninvest.eu\\\/\",\"name\":\"\u041d\u0430\u0431\u0438\u0440\u0430\u043d\u0435 \u043d\u0430 \u043f\u0435\u0440\u0441\u043e\u043d\u0430\u043b \u0432 \u0411\u044a\u043b\u0433\u0430\u0440\u0438\u044f - \u0411\u043b\u043e\u0433 \u0437\u0430 \u0442\u0435\u043d\u0434\u0435\u043d\u0446\u0438\u0438\u0442\u0435 \u0432 HR \u0438 \u043c\u0430\u0440\u043a\u0435\u0442\u0438\u043d\u0433\u0430 \u043d\u0430 \u043f\u0435\u0440\u0441\u043e\u043d\u0430\u043b\u0430\",\"description\":\"\",\"publisher\":{\"@id\":\"https:\\\/\\\/blog.balkaninvest.eu\\\/#organization\"},\"potentialAction\":[{\"@type\":\"SearchAction\",\"target\":{\"@type\":\"EntryPoint\",\"urlTemplate\":\"https:\\\/\\\/blog.balkaninvest.eu\\\/?s={search_term_string}\"},\"query-input\":{\"@type\":\"PropertyValueSpecification\",\"valueRequired\":true,\"valueName\":\"search_term_string\"}}],\"inLanguage\":\"de\"},{\"@type\":\"Organization\",\"@id\":\"https:\\\/\\\/blog.balkaninvest.eu\\\/#organization\",\"name\":\"Balkaninvest.eu EOOD\",\"url\":\"https:\\\/\\\/blog.balkaninvest.eu\\\/\",\"logo\":{\"@type\":\"ImageObject\",\"inLanguage\":\"de\",\"@id\":\"https:\\\/\\\/blog.balkaninvest.eu\\\/#\\\/schema\\\/logo\\\/image\\\/\",\"url\":\"https:\\\/\\\/blog.balkaninvest.eu\\\/wp-content\\\/uploads\\\/2025\\\/06\\\/Logo-Blog-Balkaninvest-B-200px.webp\",\"contentUrl\":\"https:\\\/\\\/blog.balkaninvest.eu\\\/wp-content\\\/uploads\\\/2025\\\/06\\\/Logo-Blog-Balkaninvest-B-200px.webp\",\"width\":200,\"height\":96,\"caption\":\"Balkaninvest.eu EOOD\"},\"image\":{\"@id\":\"https:\\\/\\\/blog.balkaninvest.eu\\\/#\\\/schema\\\/logo\\\/image\\\/\"}}]}<\/script>\n<!-- \/ Yoast SEO plugin. -->","yoast_head_json":{"title":"Wechselkurs Lewa-Euro \u2192 Personalberatung durch Balkaninvest","robots":{"index":"index","follow":"follow","max-snippet":"max-snippet:-1","max-image-preview":"max-image-preview:large","max-video-preview":"max-video-preview:-1"},"canonical":"https:\/\/blog.balkaninvest.eu\/de\/wechselkurs-lewa-euro\/","og_locale":"de_DE","og_type":"article","og_title":"Wechselkurs Lewa-Euro \u2192 Personalberatung durch Balkaninvest","og_description":"Sie m\u00f6chten wissen, wie viel Euro ein in Lewa ausgepreister Artikel kostet? Egal ob im Urlaub oder auf Dienstreise: Wer den Wechselkurs kennt, ist klar im Vorteil. Und das beste daran: Der Wechselkurs ist fixiert, \u00e4ndert sich also nicht. Der bulgarische Lew (Plural Lewa, auch Leva, abgek\u00fcrzt als BGN)\u00a0 ist \u00fcber das sogenannte &#8222;Currency Board&#8220; [&hellip;]","og_url":"https:\/\/blog.balkaninvest.eu\/de\/wechselkurs-lewa-euro\/","article_modified_time":"2016-11-23T09:16:07+00:00","og_image":[{"width":1200,"height":630,"url":"https:\/\/blog.balkaninvest.eu\/wp-content\/uploads\/2015\/11\/Balkaninvest-Blog.jpg","type":"image\/jpeg"}],"twitter_misc":{"Gesch\u00e4tzte Lesezeit":"1\u00a0Minute"},"schema":{"@context":"https:\/\/schema.org","@graph":[{"@type":"WebPage","@id":"https:\/\/blog.balkaninvest.eu\/de\/wechselkurs-lewa-euro\/","url":"https:\/\/blog.balkaninvest.eu\/de\/wechselkurs-lewa-euro\/","name":"Wechselkurs Lewa-Euro \u2192 Personalberatung durch Balkaninvest","isPartOf":{"@id":"https:\/\/blog.balkaninvest.eu\/#website"},"datePublished":"2010-02-18T14:53:14+00:00","dateModified":"2016-11-23T09:16:07+00:00","breadcrumb":{"@id":"https:\/\/blog.balkaninvest.eu\/de\/wechselkurs-lewa-euro\/#breadcrumb"},"inLanguage":"de","potentialAction":[{"@type":"ReadAction","target":["https:\/\/blog.balkaninvest.eu\/de\/wechselkurs-lewa-euro\/"]}]},{"@type":"BreadcrumbList","@id":"https:\/\/blog.balkaninvest.eu\/de\/wechselkurs-lewa-euro\/#breadcrumb","itemListElement":[{"@type":"ListItem","position":1,"name":"Home","item":"https:\/\/blog.balkaninvest.eu\/de\/startseite\/"},{"@type":"ListItem","position":2,"name":"Wechselkurs Lewa-Euro"}]},{"@type":"WebSite","@id":"https:\/\/blog.balkaninvest.eu\/#website","url":"https:\/\/blog.balkaninvest.eu\/","name":"\u041d\u0430\u0431\u0438\u0440\u0430\u043d\u0435 \u043d\u0430 \u043f\u0435\u0440\u0441\u043e\u043d\u0430\u043b \u0432 \u0411\u044a\u043b\u0433\u0430\u0440\u0438\u044f - \u0411\u043b\u043e\u0433 \u0437\u0430 \u0442\u0435\u043d\u0434\u0435\u043d\u0446\u0438\u0438\u0442\u0435 \u0432 HR \u0438 \u043c\u0430\u0440\u043a\u0435\u0442\u0438\u043d\u0433\u0430 \u043d\u0430 \u043f\u0435\u0440\u0441\u043e\u043d\u0430\u043b\u0430","description":"","publisher":{"@id":"https:\/\/blog.balkaninvest.eu\/#organization"},"potentialAction":[{"@type":"SearchAction","target":{"@type":"EntryPoint","urlTemplate":"https:\/\/blog.balkaninvest.eu\/?s={search_term_string}"},"query-input":{"@type":"PropertyValueSpecification","valueRequired":true,"valueName":"search_term_string"}}],"inLanguage":"de"},{"@type":"Organization","@id":"https:\/\/blog.balkaninvest.eu\/#organization","name":"Balkaninvest.eu EOOD","url":"https:\/\/blog.balkaninvest.eu\/","logo":{"@type":"ImageObject","inLanguage":"de","@id":"https:\/\/blog.balkaninvest.eu\/#\/schema\/logo\/image\/","url":"https:\/\/blog.balkaninvest.eu\/wp-content\/uploads\/2025\/06\/Logo-Blog-Balkaninvest-B-200px.webp","contentUrl":"https:\/\/blog.balkaninvest.eu\/wp-content\/uploads\/2025\/06\/Logo-Blog-Balkaninvest-B-200px.webp","width":200,"height":96,"caption":"Balkaninvest.eu EOOD"},"image":{"@id":"https:\/\/blog.balkaninvest.eu\/#\/schema\/logo\/image\/"}}]}},"_links":{"self":[{"href":"https:\/\/blog.balkaninvest.eu\/de\/wp-json\/wp\/v2\/pages\/285","targetHints":{"allow":["GET"]}}],"collection":[{"href":"https:\/\/blog.balkaninvest.eu\/de\/wp-json\/wp\/v2\/pages"}],"about":[{"href":"https:\/\/blog.balkaninvest.eu\/de\/wp-json\/wp\/v2\/types\/page"}],"author":[{"embeddable":true,"href":"https:\/\/blog.balkaninvest.eu\/de\/wp-json\/wp\/v2\/users\/1"}],"replies":[{"embeddable":true,"href":"https:\/\/blog.balkaninvest.eu\/de\/wp-json\/wp\/v2\/comments?post=285"}],"version-history":[{"count":9,"href":"https:\/\/blog.balkaninvest.eu\/de\/wp-json\/wp\/v2\/pages\/285\/revisions"}],"predecessor-version":[{"id":1855,"href":"https:\/\/blog.balkaninvest.eu\/de\/wp-json\/wp\/v2\/pages\/285\/revisions\/1855"}],"wp:attachment":[{"href":"https:\/\/blog.balkaninvest.eu\/de\/wp-json\/wp\/v2\/media?parent=285"}],"curies":[{"name":"wp","href":"https:\/\/api.w.org\/{rel}","templated":true}]}}