{"id":233,"date":"2009-11-03T09:27:38","date_gmt":"2009-11-03T07:27:38","guid":{"rendered":"http:\/\/blog.balkaninvest.eu\/?page_id=233"},"modified":"2025-04-10T13:17:47","modified_gmt":"2025-04-10T10:17:47","slug":"personalberatung","status":"publish","type":"page","link":"https:\/\/blog.balkaninvest.eu\/de\/personalberatung\/","title":{"rendered":"Personal in Bulgarien"},"content":{"rendered":"<p>[et_pb_section fb_built=&#8220;1&#8243; admin_label=&#8220;section&#8220; _builder_version=&#8220;4.16&#8243; global_colors_info=&#8220;{}&#8220; theme_builder_area=&#8220;post_content&#8220;][et_pb_row admin_label=&#8220;row&#8220; _builder_version=&#8220;4.27.4&#8243; background_size=&#8220;initial&#8220; background_position=&#8220;top_left&#8220; background_repeat=&#8220;repeat&#8220; width=&#8220;90%&#8220; global_colors_info=&#8220;{}&#8220; theme_builder_area=&#8220;post_content&#8220;][et_pb_column type=&#8220;4_4&#8243; _builder_version=&#8220;4.16&#8243; custom_padding=&#8220;|||&#8220; global_colors_info=&#8220;{}&#8220; custom_padding__hover=&#8220;|||&#8220; theme_builder_area=&#8220;post_content&#8220;][et_pb_text admin_label=&#8220;Text&#8220; _builder_version=&#8220;4.27.4&#8243; background_size=&#8220;initial&#8220; background_position=&#8220;top_left&#8220; background_repeat=&#8220;repeat&#8220; hover_enabled=&#8220;0&#8243; global_colors_info=&#8220;{}&#8220; theme_builder_area=&#8220;post_content&#8220; sticky_enabled=&#8220;0&#8243;]<\/p>\n<p style=\"text-align: justify;\">Wir sind Ihr kompetenter Partner bei Fragen rund um das Thema <strong>Personal<\/strong> und <strong>Bulgarien<\/strong>.<\/p>\n<p style=\"text-align: justify;\">Die Firma Balkaninvest.eu eood operiert als staatlich lizensierter Personalvermittler. Wir unterst\u00fctzen seit 2009 bulgarische und internationale Firmen bei der Suche nach qualifiziertem Personal &#8211; in Bulgarien, Deutschland und europaweit. Unsere Kernkompetenz ist die Vermittlung von Fach- und F\u00fchrungskr\u00e4ften mit deutschen Sprachkenntnissen.<\/p>\n<p style=\"text-align: justify;\">F\u00fcr weitere Informationen zu unseren diesbez\u00fcglichen Beratungst\u00e4tigkeiten besuchen Sie bitte unsere mehrsprachige Firmenwebsite:<\/p>\n<p style=\"text-align: justify;\"><strong>www.balkaninvest.eu<\/strong> &#8211; unsere Firma mit B\u00fcro in Sofia garantiert eine ganzheitliche Betreuung im Bereich\u00a0<a title=\"Personal Bulgarien\" href=\"https:\/\/www.balkaninvest.eu\/\">Personal in Bulgarien (deutsche Version)<\/a>.<\/p>\n<p style=\"text-align: justify;\"><strong>bulgaria.balkaninvest.eu <\/strong>&#8211; hier finden Sie die <a title=\"Balkaninvest.eu Website\" href=\"https:\/\/www.balkaninvest.eu\/bg\/\">bulgarische<\/a> Version unseres Internetauftritts. Dort finden Sie den Gro\u00dfteil unserer Stellenangebote (teilweise in englischer oder deutscher Sprache).<\/p>\n<p style=\"text-align: justify;\"><!--:--><!--:en--><\/p>\n<p>[\/et_pb_text][\/et_pb_column][\/et_pb_row][\/et_pb_section]<\/p>\n","protected":false},"excerpt":{"rendered":"<p>Wir sind Ihr kompetenter Partner bei Fragen rund um das Thema Personal und Bulgarien. Die Firma Balkaninvest.eu eood operiert als staatlich lizensierter Personalvermittler. Wir unterst\u00fctzen seit 2009 bulgarische und internationale Firmen bei der Suche nach qualifiziertem Personal &#8211; in Bulgarien, Deutschland und europaweit. Unsere Kernkompetenz ist die Vermittlung von Fach- und F\u00fchrungskr\u00e4ften mit deutschen Sprachkenntnissen. [&hellip;]<\/p>\n","protected":false},"author":1,"featured_media":0,"parent":0,"menu_order":0,"comment_status":"open","ping_status":"open","template":"","meta":{"_et_pb_use_builder":"on","_et_pb_old_content":"<p style=\"text-align: justify;\">Wir sind Ihr kompetenter Partner bei Fragen rund um das Thema <strong>Personal<\/strong> und <strong>Bulgarien<\/strong>.<\/p>\r\n<p style=\"text-align: justify;\">Die Firma Balkaninvest.eu eood operiert als staatlich lizensierter Personalvermittler. Wir unterst\u00fctzen seit 2009 bulgarische und internationale Firmen bei der Suche nach qualifiziertem Personal - in Bulgarien, Deutschland und europaweit. Unsere Kernkompetenz ist die Vermittlung von Fach- und F\u00fchrungskr\u00e4ften mit deutschen Sprachkenntnissen.<\/p>\r\n<p style=\"text-align: justify;\">F\u00fcr weitere Informationen zu unseren diesbez\u00fcglichen Beratungst\u00e4tigkeiten besuchen Sie bitte unsere mehrsprachige Firmenwebsite:<\/p>\r\n<p style=\"text-align: justify;\"><strong>www.balkaninvest.eu<\/strong> - unsere Firma mit B\u00fcro in Sofia garantiert eine ganzheitliche Betreuung im Bereich\u00a0<a title=\"Personal Bulgarien\" href=\"http:\/\/www.balkaninvest.eu\/\">Personal in Bulgarien (deutsche Version)<\/a>.<\/p>\r\n<p style=\"text-align: justify;\"><strong>bulgaria.balkaninvest.eu <\/strong>- hier finden Sie die <a title=\"Balkaninvest.eu Website\" href=\"http:\/\/bulgaria.balkaninvest.eu\/\">bulgarische<\/a> Version unseres Internetauftritts. Dort finden Sie den Gro\u00dfteil unserer Stellenangebote (teilweise in englischer oder deutscher Sprache).<\/p>\r\n<p style=\"text-align: justify;\"><!--:--><!--:en--><\/p>","_et_gb_content_width":"","footnotes":""},"class_list":["post-233","page","type-page","status-publish","hentry"],"yoast_head":"<!-- This site is optimized with the Yoast SEO plugin v27.4 - https:\/\/yoast.com\/product\/yoast-seo-wordpress\/ -->\n<title>Personal in Bulgarien<\/title>\n<meta name=\"description\" content=\"Wir unterst\u00fctzen Sie bei allen Fragen rund um das Thema Bulgarien und Personal. Wir kennen den bulgarischen Arbeitsmarkt, denn wir sind st\u00e4ndig vor Ort.\" \/>\n<meta name=\"robots\" content=\"index, follow, max-snippet:-1, max-image-preview:large, max-video-preview:-1\" \/>\n<link rel=\"canonical\" href=\"http:\/\/blog.balkaninvest.eu\/personalberatung\/\" \/>\n<meta property=\"og:locale\" content=\"de_DE\" \/>\n<meta property=\"og:type\" content=\"article\" \/>\n<meta property=\"og:title\" content=\"Personal in Bulgarien\" \/>\n<meta property=\"og:description\" content=\"Wir unterst\u00fctzen Sie bei allen Fragen rund um das Thema Bulgarien und Personal. Wir kennen den bulgarischen Arbeitsmarkt, denn wir sind st\u00e4ndig vor Ort.\" \/>\n<meta property=\"og:url\" content=\"http:\/\/blog.balkaninvest.eu\/personalberatung\/\" \/>\n<meta property=\"article:modified_time\" content=\"2025-04-10T10:17:47+00:00\" \/>\n<meta property=\"og:image\" content=\"https:\/\/blog.balkaninvest.eu\/wp-content\/uploads\/2015\/11\/Balkaninvest-Blog.jpg\" \/>\n\t<meta property=\"og:image:width\" content=\"1200\" \/>\n\t<meta property=\"og:image:height\" content=\"630\" \/>\n\t<meta property=\"og:image:type\" content=\"image\/jpeg\" \/>\n<meta name=\"twitter:label1\" content=\"Gesch\u00e4tzte Lesezeit\" \/>\n\t<meta name=\"twitter:data1\" content=\"1\u00a0Minute\" \/>\n<script type=\"application\/ld+json\" class=\"yoast-schema-graph\">{\"@context\":\"https:\\\/\\\/schema.org\",\"@graph\":[{\"@type\":\"WebPage\",\"@id\":\"https:\\\/\\\/blog.balkaninvest.eu\\\/de\\\/personalberatung\\\/\",\"url\":\"http:\\\/\\\/blog.balkaninvest.eu\\\/personalberatung\\\/\",\"name\":\"Personal in Bulgarien\",\"isPartOf\":{\"@id\":\"https:\\\/\\\/blog.balkaninvest.eu\\\/#website\"},\"datePublished\":\"2009-11-03T07:27:38+00:00\",\"dateModified\":\"2025-04-10T10:17:47+00:00\",\"description\":\"Wir unterst\u00fctzen Sie bei allen Fragen rund um das Thema Bulgarien und Personal. Wir kennen den bulgarischen Arbeitsmarkt, denn wir sind st\u00e4ndig vor Ort.\",\"breadcrumb\":{\"@id\":\"http:\\\/\\\/blog.balkaninvest.eu\\\/personalberatung\\\/#breadcrumb\"},\"inLanguage\":\"de\",\"potentialAction\":[{\"@type\":\"ReadAction\",\"target\":[\"http:\\\/\\\/blog.balkaninvest.eu\\\/personalberatung\\\/\"]}]},{\"@type\":\"BreadcrumbList\",\"@id\":\"http:\\\/\\\/blog.balkaninvest.eu\\\/personalberatung\\\/#breadcrumb\",\"itemListElement\":[{\"@type\":\"ListItem\",\"position\":1,\"name\":\"Home\",\"item\":\"https:\\\/\\\/blog.balkaninvest.eu\\\/de\\\/startseite\\\/\"},{\"@type\":\"ListItem\",\"position\":2,\"name\":\"Personal in Bulgarien\"}]},{\"@type\":\"WebSite\",\"@id\":\"https:\\\/\\\/blog.balkaninvest.eu\\\/#website\",\"url\":\"https:\\\/\\\/blog.balkaninvest.eu\\\/\",\"name\":\"\u041d\u0430\u0431\u0438\u0440\u0430\u043d\u0435 \u043d\u0430 \u043f\u0435\u0440\u0441\u043e\u043d\u0430\u043b \u0432 \u0411\u044a\u043b\u0433\u0430\u0440\u0438\u044f - \u0411\u043b\u043e\u0433 \u0437\u0430 \u0442\u0435\u043d\u0434\u0435\u043d\u0446\u0438\u0438\u0442\u0435 \u0432 HR \u0438 \u043c\u0430\u0440\u043a\u0435\u0442\u0438\u043d\u0433\u0430 \u043d\u0430 \u043f\u0435\u0440\u0441\u043e\u043d\u0430\u043b\u0430\",\"description\":\"\",\"publisher\":{\"@id\":\"https:\\\/\\\/blog.balkaninvest.eu\\\/#organization\"},\"potentialAction\":[{\"@type\":\"SearchAction\",\"target\":{\"@type\":\"EntryPoint\",\"urlTemplate\":\"https:\\\/\\\/blog.balkaninvest.eu\\\/?s={search_term_string}\"},\"query-input\":{\"@type\":\"PropertyValueSpecification\",\"valueRequired\":true,\"valueName\":\"search_term_string\"}}],\"inLanguage\":\"de\"},{\"@type\":\"Organization\",\"@id\":\"https:\\\/\\\/blog.balkaninvest.eu\\\/#organization\",\"name\":\"Balkaninvest.eu EOOD\",\"url\":\"https:\\\/\\\/blog.balkaninvest.eu\\\/\",\"logo\":{\"@type\":\"ImageObject\",\"inLanguage\":\"de\",\"@id\":\"https:\\\/\\\/blog.balkaninvest.eu\\\/#\\\/schema\\\/logo\\\/image\\\/\",\"url\":\"https:\\\/\\\/blog.balkaninvest.eu\\\/wp-content\\\/uploads\\\/2025\\\/06\\\/Logo-Blog-Balkaninvest-B-200px.webp\",\"contentUrl\":\"https:\\\/\\\/blog.balkaninvest.eu\\\/wp-content\\\/uploads\\\/2025\\\/06\\\/Logo-Blog-Balkaninvest-B-200px.webp\",\"width\":200,\"height\":96,\"caption\":\"Balkaninvest.eu EOOD\"},\"image\":{\"@id\":\"https:\\\/\\\/blog.balkaninvest.eu\\\/#\\\/schema\\\/logo\\\/image\\\/\"}}]}<\/script>\n<!-- \/ Yoast SEO plugin. -->","yoast_head_json":{"title":"Personal in Bulgarien","description":"Wir unterst\u00fctzen Sie bei allen Fragen rund um das Thema Bulgarien und Personal. Wir kennen den bulgarischen Arbeitsmarkt, denn wir sind st\u00e4ndig vor Ort.","robots":{"index":"index","follow":"follow","max-snippet":"max-snippet:-1","max-image-preview":"max-image-preview:large","max-video-preview":"max-video-preview:-1"},"canonical":"http:\/\/blog.balkaninvest.eu\/personalberatung\/","og_locale":"de_DE","og_type":"article","og_title":"Personal in Bulgarien","og_description":"Wir unterst\u00fctzen Sie bei allen Fragen rund um das Thema Bulgarien und Personal. Wir kennen den bulgarischen Arbeitsmarkt, denn wir sind st\u00e4ndig vor Ort.","og_url":"http:\/\/blog.balkaninvest.eu\/personalberatung\/","article_modified_time":"2025-04-10T10:17:47+00:00","og_image":[{"width":1200,"height":630,"url":"https:\/\/blog.balkaninvest.eu\/wp-content\/uploads\/2015\/11\/Balkaninvest-Blog.jpg","type":"image\/jpeg"}],"twitter_misc":{"Gesch\u00e4tzte Lesezeit":"1\u00a0Minute"},"schema":{"@context":"https:\/\/schema.org","@graph":[{"@type":"WebPage","@id":"https:\/\/blog.balkaninvest.eu\/de\/personalberatung\/","url":"http:\/\/blog.balkaninvest.eu\/personalberatung\/","name":"Personal in Bulgarien","isPartOf":{"@id":"https:\/\/blog.balkaninvest.eu\/#website"},"datePublished":"2009-11-03T07:27:38+00:00","dateModified":"2025-04-10T10:17:47+00:00","description":"Wir unterst\u00fctzen Sie bei allen Fragen rund um das Thema Bulgarien und Personal. Wir kennen den bulgarischen Arbeitsmarkt, denn wir sind st\u00e4ndig vor Ort.","breadcrumb":{"@id":"http:\/\/blog.balkaninvest.eu\/personalberatung\/#breadcrumb"},"inLanguage":"de","potentialAction":[{"@type":"ReadAction","target":["http:\/\/blog.balkaninvest.eu\/personalberatung\/"]}]},{"@type":"BreadcrumbList","@id":"http:\/\/blog.balkaninvest.eu\/personalberatung\/#breadcrumb","itemListElement":[{"@type":"ListItem","position":1,"name":"Home","item":"https:\/\/blog.balkaninvest.eu\/de\/startseite\/"},{"@type":"ListItem","position":2,"name":"Personal in Bulgarien"}]},{"@type":"WebSite","@id":"https:\/\/blog.balkaninvest.eu\/#website","url":"https:\/\/blog.balkaninvest.eu\/","name":"\u041d\u0430\u0431\u0438\u0440\u0430\u043d\u0435 \u043d\u0430 \u043f\u0435\u0440\u0441\u043e\u043d\u0430\u043b \u0432 \u0411\u044a\u043b\u0433\u0430\u0440\u0438\u044f - \u0411\u043b\u043e\u0433 \u0437\u0430 \u0442\u0435\u043d\u0434\u0435\u043d\u0446\u0438\u0438\u0442\u0435 \u0432 HR \u0438 \u043c\u0430\u0440\u043a\u0435\u0442\u0438\u043d\u0433\u0430 \u043d\u0430 \u043f\u0435\u0440\u0441\u043e\u043d\u0430\u043b\u0430","description":"","publisher":{"@id":"https:\/\/blog.balkaninvest.eu\/#organization"},"potentialAction":[{"@type":"SearchAction","target":{"@type":"EntryPoint","urlTemplate":"https:\/\/blog.balkaninvest.eu\/?s={search_term_string}"},"query-input":{"@type":"PropertyValueSpecification","valueRequired":true,"valueName":"search_term_string"}}],"inLanguage":"de"},{"@type":"Organization","@id":"https:\/\/blog.balkaninvest.eu\/#organization","name":"Balkaninvest.eu EOOD","url":"https:\/\/blog.balkaninvest.eu\/","logo":{"@type":"ImageObject","inLanguage":"de","@id":"https:\/\/blog.balkaninvest.eu\/#\/schema\/logo\/image\/","url":"https:\/\/blog.balkaninvest.eu\/wp-content\/uploads\/2025\/06\/Logo-Blog-Balkaninvest-B-200px.webp","contentUrl":"https:\/\/blog.balkaninvest.eu\/wp-content\/uploads\/2025\/06\/Logo-Blog-Balkaninvest-B-200px.webp","width":200,"height":96,"caption":"Balkaninvest.eu EOOD"},"image":{"@id":"https:\/\/blog.balkaninvest.eu\/#\/schema\/logo\/image\/"}}]}},"_links":{"self":[{"href":"https:\/\/blog.balkaninvest.eu\/de\/wp-json\/wp\/v2\/pages\/233","targetHints":{"allow":["GET"]}}],"collection":[{"href":"https:\/\/blog.balkaninvest.eu\/de\/wp-json\/wp\/v2\/pages"}],"about":[{"href":"https:\/\/blog.balkaninvest.eu\/de\/wp-json\/wp\/v2\/types\/page"}],"author":[{"embeddable":true,"href":"https:\/\/blog.balkaninvest.eu\/de\/wp-json\/wp\/v2\/users\/1"}],"replies":[{"embeddable":true,"href":"https:\/\/blog.balkaninvest.eu\/de\/wp-json\/wp\/v2\/comments?post=233"}],"version-history":[{"count":29,"href":"https:\/\/blog.balkaninvest.eu\/de\/wp-json\/wp\/v2\/pages\/233\/revisions"}],"predecessor-version":[{"id":2510,"href":"https:\/\/blog.balkaninvest.eu\/de\/wp-json\/wp\/v2\/pages\/233\/revisions\/2510"}],"wp:attachment":[{"href":"https:\/\/blog.balkaninvest.eu\/de\/wp-json\/wp\/v2\/media?parent=233"}],"curies":[{"name":"wp","href":"https:\/\/api.w.org\/{rel}","templated":true}]}}