{"id":2,"date":"2008-08-06T13:26:37","date_gmt":"2008-08-06T11:26:37","guid":{"rendered":"http:\/\/blog.balkaninvest.eu\/?page_id=2"},"modified":"2020-01-13T18:39:17","modified_gmt":"2020-01-13T15:39:17","slug":"impressum","status":"publish","type":"page","link":"https:\/\/blog.balkaninvest.eu\/de\/impressum\/","title":{"rendered":"Impressum und Datenschutz"},"content":{"rendered":"<p><!--:de--><a href=\"http:\/\/blog.balkaninvest.eu\/wp-content\/uploads\/2008\/08\/Impressum1.png\"><img loading=\"lazy\" decoding=\"async\" class=\"aligncenter size-full wp-image-1607\" src=\"http:\/\/blog.balkaninvest.eu\/wp-content\/uploads\/2008\/08\/Impressum1.png\" alt=\"Impressum\" width=\"400\" height=\"550\" srcset=\"https:\/\/blog.balkaninvest.eu\/wp-content\/uploads\/2008\/08\/Impressum1.png 400w, https:\/\/blog.balkaninvest.eu\/wp-content\/uploads\/2008\/08\/Impressum1-218x300.png 218w\" sizes=\"(max-width: 400px) 100vw, 400px\" \/><\/a><\/p>\n<p style=\"text-align: justify;\"><strong>Datenschutz<\/strong>:<\/p>\n<p style=\"text-align: justify;\">Diese Website benutzt die Open-Source-Software Matomo zur statistischen Auswertung der Besucherzugriffe. Das Programm setzt sogenannte \u201cCookies\u201d, das sind Textdateien, die auf Ihrem Computer gespeichert werden und die eine Analyse der Benutzung der Website durch Sie erm\u00f6glichen. Die Cookie-Informationen \u00fcber Ihre Benutzung dieses Internetangebotes werden auf unserem Server gespeichert. IP-Adressen werden hierbei anonymisiert. Die Installation der Cookies kann durch eine entsprechende Einstellung Ihrer Browser-Software unterbunden werden, wodurch Sie jedoch m\u00f6glicherweise Einschr\u00e4nkungen der Funktionalit\u00e4t unserer Website in Kauf nehmen m\u00fcssen.<\/p>\n<p>\u00a0<!--:--><\/p>\n","protected":false},"excerpt":{"rendered":"<p>Datenschutz: Diese Website benutzt die Open-Source-Software Matomo zur statistischen Auswertung der Besucherzugriffe. Das Programm setzt sogenannte \u201cCookies\u201d, das sind Textdateien, die auf Ihrem Computer gespeichert werden und die eine Analyse der Benutzung der Website durch Sie erm\u00f6glichen. Die Cookie-Informationen \u00fcber Ihre Benutzung dieses Internetangebotes werden auf unserem Server gespeichert. IP-Adressen werden hierbei anonymisiert. Die Installation [&hellip;]<\/p>\n","protected":false},"author":1,"featured_media":0,"parent":0,"menu_order":0,"comment_status":"closed","ping_status":"closed","template":"","meta":{"_et_pb_use_builder":"","_et_pb_old_content":"","_et_gb_content_width":"","footnotes":""},"class_list":["post-2","page","type-page","status-publish","hentry"],"yoast_head":"<!-- This site is optimized with the Yoast SEO plugin v27.5 - https:\/\/yoast.com\/product\/yoast-seo-wordpress\/ -->\n<title>Impressum und Datenschutz \u2192 Personalberatung durch Balkaninvest<\/title>\n<meta name=\"robots\" content=\"index, follow, max-snippet:-1, max-image-preview:large, max-video-preview:-1\" \/>\n<link rel=\"canonical\" href=\"https:\/\/blog.balkaninvest.eu\/de\/impressum\/\" \/>\n<meta property=\"og:locale\" content=\"de_DE\" \/>\n<meta property=\"og:type\" content=\"article\" \/>\n<meta property=\"og:title\" content=\"Impressum und Datenschutz \u2192 Personalberatung durch Balkaninvest\" \/>\n<meta property=\"og:description\" content=\"Datenschutz: Diese Website benutzt die Open-Source-Software Matomo zur statistischen Auswertung der Besucherzugriffe. Das Programm setzt sogenannte \u201cCookies\u201d, das sind Textdateien, die auf Ihrem Computer gespeichert werden und die eine Analyse der Benutzung der Website durch Sie erm\u00f6glichen. Die Cookie-Informationen \u00fcber Ihre Benutzung dieses Internetangebotes werden auf unserem Server gespeichert. IP-Adressen werden hierbei anonymisiert. Die Installation [&hellip;]\" \/>\n<meta property=\"og:url\" content=\"https:\/\/blog.balkaninvest.eu\/de\/impressum\/\" \/>\n<meta property=\"article:modified_time\" content=\"2020-01-13T15:39:17+00:00\" \/>\n<meta property=\"og:image\" content=\"http:\/\/blog.balkaninvest.eu\/wp-content\/uploads\/2008\/08\/Impressum1.png\" \/>\n<script type=\"application\/ld+json\" class=\"yoast-schema-graph\">{\"@context\":\"https:\\\/\\\/schema.org\",\"@graph\":[{\"@type\":\"WebPage\",\"@id\":\"https:\\\/\\\/blog.balkaninvest.eu\\\/de\\\/impressum\\\/\",\"url\":\"https:\\\/\\\/blog.balkaninvest.eu\\\/de\\\/impressum\\\/\",\"name\":\"Impressum und Datenschutz \u2192 Personalberatung durch Balkaninvest\",\"isPartOf\":{\"@id\":\"https:\\\/\\\/blog.balkaninvest.eu\\\/#website\"},\"primaryImageOfPage\":{\"@id\":\"https:\\\/\\\/blog.balkaninvest.eu\\\/de\\\/impressum\\\/#primaryimage\"},\"image\":{\"@id\":\"https:\\\/\\\/blog.balkaninvest.eu\\\/de\\\/impressum\\\/#primaryimage\"},\"thumbnailUrl\":\"http:\\\/\\\/blog.balkaninvest.eu\\\/wp-content\\\/uploads\\\/2008\\\/08\\\/Impressum1.png\",\"datePublished\":\"2008-08-06T11:26:37+00:00\",\"dateModified\":\"2020-01-13T15:39:17+00:00\",\"breadcrumb\":{\"@id\":\"https:\\\/\\\/blog.balkaninvest.eu\\\/de\\\/impressum\\\/#breadcrumb\"},\"inLanguage\":\"de\",\"potentialAction\":[{\"@type\":\"ReadAction\",\"target\":[\"https:\\\/\\\/blog.balkaninvest.eu\\\/de\\\/impressum\\\/\"]}]},{\"@type\":\"ImageObject\",\"inLanguage\":\"de\",\"@id\":\"https:\\\/\\\/blog.balkaninvest.eu\\\/de\\\/impressum\\\/#primaryimage\",\"url\":\"http:\\\/\\\/blog.balkaninvest.eu\\\/wp-content\\\/uploads\\\/2008\\\/08\\\/Impressum1.png\",\"contentUrl\":\"http:\\\/\\\/blog.balkaninvest.eu\\\/wp-content\\\/uploads\\\/2008\\\/08\\\/Impressum1.png\"},{\"@type\":\"BreadcrumbList\",\"@id\":\"https:\\\/\\\/blog.balkaninvest.eu\\\/de\\\/impressum\\\/#breadcrumb\",\"itemListElement\":[{\"@type\":\"ListItem\",\"position\":1,\"name\":\"Home\",\"item\":\"https:\\\/\\\/blog.balkaninvest.eu\\\/de\\\/startseite\\\/\"},{\"@type\":\"ListItem\",\"position\":2,\"name\":\"Impressum und Datenschutz\"}]},{\"@type\":\"WebSite\",\"@id\":\"https:\\\/\\\/blog.balkaninvest.eu\\\/#website\",\"url\":\"https:\\\/\\\/blog.balkaninvest.eu\\\/\",\"name\":\"\u041d\u0430\u0431\u0438\u0440\u0430\u043d\u0435 \u043d\u0430 \u043f\u0435\u0440\u0441\u043e\u043d\u0430\u043b \u0432 \u0411\u044a\u043b\u0433\u0430\u0440\u0438\u044f - \u0411\u043b\u043e\u0433 \u0437\u0430 \u0442\u0435\u043d\u0434\u0435\u043d\u0446\u0438\u0438\u0442\u0435 \u0432 HR \u0438 \u043c\u0430\u0440\u043a\u0435\u0442\u0438\u043d\u0433\u0430 \u043d\u0430 \u043f\u0435\u0440\u0441\u043e\u043d\u0430\u043b\u0430\",\"description\":\"\",\"publisher\":{\"@id\":\"https:\\\/\\\/blog.balkaninvest.eu\\\/#organization\"},\"potentialAction\":[{\"@type\":\"SearchAction\",\"target\":{\"@type\":\"EntryPoint\",\"urlTemplate\":\"https:\\\/\\\/blog.balkaninvest.eu\\\/?s={search_term_string}\"},\"query-input\":{\"@type\":\"PropertyValueSpecification\",\"valueRequired\":true,\"valueName\":\"search_term_string\"}}],\"inLanguage\":\"de\"},{\"@type\":\"Organization\",\"@id\":\"https:\\\/\\\/blog.balkaninvest.eu\\\/#organization\",\"name\":\"Balkaninvest.eu EOOD\",\"url\":\"https:\\\/\\\/blog.balkaninvest.eu\\\/\",\"logo\":{\"@type\":\"ImageObject\",\"inLanguage\":\"de\",\"@id\":\"https:\\\/\\\/blog.balkaninvest.eu\\\/#\\\/schema\\\/logo\\\/image\\\/\",\"url\":\"https:\\\/\\\/blog.balkaninvest.eu\\\/wp-content\\\/uploads\\\/2025\\\/06\\\/Logo-Blog-Balkaninvest-B-200px.webp\",\"contentUrl\":\"https:\\\/\\\/blog.balkaninvest.eu\\\/wp-content\\\/uploads\\\/2025\\\/06\\\/Logo-Blog-Balkaninvest-B-200px.webp\",\"width\":200,\"height\":96,\"caption\":\"Balkaninvest.eu EOOD\"},\"image\":{\"@id\":\"https:\\\/\\\/blog.balkaninvest.eu\\\/#\\\/schema\\\/logo\\\/image\\\/\"}}]}<\/script>\n<!-- \/ Yoast SEO plugin. -->","yoast_head_json":{"title":"Impressum und Datenschutz \u2192 Personalberatung durch Balkaninvest","robots":{"index":"index","follow":"follow","max-snippet":"max-snippet:-1","max-image-preview":"max-image-preview:large","max-video-preview":"max-video-preview:-1"},"canonical":"https:\/\/blog.balkaninvest.eu\/de\/impressum\/","og_locale":"de_DE","og_type":"article","og_title":"Impressum und Datenschutz \u2192 Personalberatung durch Balkaninvest","og_description":"Datenschutz: Diese Website benutzt die Open-Source-Software Matomo zur statistischen Auswertung der Besucherzugriffe. Das Programm setzt sogenannte \u201cCookies\u201d, das sind Textdateien, die auf Ihrem Computer gespeichert werden und die eine Analyse der Benutzung der Website durch Sie erm\u00f6glichen. Die Cookie-Informationen \u00fcber Ihre Benutzung dieses Internetangebotes werden auf unserem Server gespeichert. IP-Adressen werden hierbei anonymisiert. Die Installation [&hellip;]","og_url":"https:\/\/blog.balkaninvest.eu\/de\/impressum\/","article_modified_time":"2020-01-13T15:39:17+00:00","og_image":[{"url":"http:\/\/blog.balkaninvest.eu\/wp-content\/uploads\/2008\/08\/Impressum1.png","type":"","width":"","height":""}],"schema":{"@context":"https:\/\/schema.org","@graph":[{"@type":"WebPage","@id":"https:\/\/blog.balkaninvest.eu\/de\/impressum\/","url":"https:\/\/blog.balkaninvest.eu\/de\/impressum\/","name":"Impressum und Datenschutz \u2192 Personalberatung durch Balkaninvest","isPartOf":{"@id":"https:\/\/blog.balkaninvest.eu\/#website"},"primaryImageOfPage":{"@id":"https:\/\/blog.balkaninvest.eu\/de\/impressum\/#primaryimage"},"image":{"@id":"https:\/\/blog.balkaninvest.eu\/de\/impressum\/#primaryimage"},"thumbnailUrl":"http:\/\/blog.balkaninvest.eu\/wp-content\/uploads\/2008\/08\/Impressum1.png","datePublished":"2008-08-06T11:26:37+00:00","dateModified":"2020-01-13T15:39:17+00:00","breadcrumb":{"@id":"https:\/\/blog.balkaninvest.eu\/de\/impressum\/#breadcrumb"},"inLanguage":"de","potentialAction":[{"@type":"ReadAction","target":["https:\/\/blog.balkaninvest.eu\/de\/impressum\/"]}]},{"@type":"ImageObject","inLanguage":"de","@id":"https:\/\/blog.balkaninvest.eu\/de\/impressum\/#primaryimage","url":"http:\/\/blog.balkaninvest.eu\/wp-content\/uploads\/2008\/08\/Impressum1.png","contentUrl":"http:\/\/blog.balkaninvest.eu\/wp-content\/uploads\/2008\/08\/Impressum1.png"},{"@type":"BreadcrumbList","@id":"https:\/\/blog.balkaninvest.eu\/de\/impressum\/#breadcrumb","itemListElement":[{"@type":"ListItem","position":1,"name":"Home","item":"https:\/\/blog.balkaninvest.eu\/de\/startseite\/"},{"@type":"ListItem","position":2,"name":"Impressum und Datenschutz"}]},{"@type":"WebSite","@id":"https:\/\/blog.balkaninvest.eu\/#website","url":"https:\/\/blog.balkaninvest.eu\/","name":"\u041d\u0430\u0431\u0438\u0440\u0430\u043d\u0435 \u043d\u0430 \u043f\u0435\u0440\u0441\u043e\u043d\u0430\u043b \u0432 \u0411\u044a\u043b\u0433\u0430\u0440\u0438\u044f - \u0411\u043b\u043e\u0433 \u0437\u0430 \u0442\u0435\u043d\u0434\u0435\u043d\u0446\u0438\u0438\u0442\u0435 \u0432 HR \u0438 \u043c\u0430\u0440\u043a\u0435\u0442\u0438\u043d\u0433\u0430 \u043d\u0430 \u043f\u0435\u0440\u0441\u043e\u043d\u0430\u043b\u0430","description":"","publisher":{"@id":"https:\/\/blog.balkaninvest.eu\/#organization"},"potentialAction":[{"@type":"SearchAction","target":{"@type":"EntryPoint","urlTemplate":"https:\/\/blog.balkaninvest.eu\/?s={search_term_string}"},"query-input":{"@type":"PropertyValueSpecification","valueRequired":true,"valueName":"search_term_string"}}],"inLanguage":"de"},{"@type":"Organization","@id":"https:\/\/blog.balkaninvest.eu\/#organization","name":"Balkaninvest.eu EOOD","url":"https:\/\/blog.balkaninvest.eu\/","logo":{"@type":"ImageObject","inLanguage":"de","@id":"https:\/\/blog.balkaninvest.eu\/#\/schema\/logo\/image\/","url":"https:\/\/blog.balkaninvest.eu\/wp-content\/uploads\/2025\/06\/Logo-Blog-Balkaninvest-B-200px.webp","contentUrl":"https:\/\/blog.balkaninvest.eu\/wp-content\/uploads\/2025\/06\/Logo-Blog-Balkaninvest-B-200px.webp","width":200,"height":96,"caption":"Balkaninvest.eu EOOD"},"image":{"@id":"https:\/\/blog.balkaninvest.eu\/#\/schema\/logo\/image\/"}}]}},"_links":{"self":[{"href":"https:\/\/blog.balkaninvest.eu\/de\/wp-json\/wp\/v2\/pages\/2","targetHints":{"allow":["GET"]}}],"collection":[{"href":"https:\/\/blog.balkaninvest.eu\/de\/wp-json\/wp\/v2\/pages"}],"about":[{"href":"https:\/\/blog.balkaninvest.eu\/de\/wp-json\/wp\/v2\/types\/page"}],"author":[{"embeddable":true,"href":"https:\/\/blog.balkaninvest.eu\/de\/wp-json\/wp\/v2\/users\/1"}],"replies":[{"embeddable":true,"href":"https:\/\/blog.balkaninvest.eu\/de\/wp-json\/wp\/v2\/comments?post=2"}],"version-history":[{"count":19,"href":"https:\/\/blog.balkaninvest.eu\/de\/wp-json\/wp\/v2\/pages\/2\/revisions"}],"predecessor-version":[{"id":1962,"href":"https:\/\/blog.balkaninvest.eu\/de\/wp-json\/wp\/v2\/pages\/2\/revisions\/1962"}],"wp:attachment":[{"href":"https:\/\/blog.balkaninvest.eu\/de\/wp-json\/wp\/v2\/media?parent=2"}],"curies":[{"name":"wp","href":"https:\/\/api.w.org\/{rel}","templated":true}]}}